{"id":858,"date":"2026-04-10T05:18:02","date_gmt":"2026-04-10T05:18:02","guid":{"rendered":"https:\/\/www.hakojarvi.com\/?page_id=858"},"modified":"2026-04-10T05:19:51","modified_gmt":"2026-04-10T05:19:51","slug":"kahvila","status":"publish","type":"page","link":"https:\/\/www.hakojarvi.com\/index.php\/kahvila\/","title":{"rendered":"Kahvila"},"content":{"rendered":"\n<p>Kahvila ja J\u00e4tski palvelee Hakoj\u00e4rven kyl\u00e4keskuksessa entisen koulun puolella talvikaudella la \u2013 su klo 9 \u2013 21, kes\u00e4ll\u00e4 laajennetuin aukioloajoin. Yritt\u00e4j\u00e4n\u00e4 toimii Anu Hakola.<\/p>\n\n\n\n<p>Valikoimaa on tarjolla makeasta suolaiseen. Aina jotain tuoretta myynniss\u00e4! Kahvilasta saa my\u00f6s pienten suomalaisten tehtaiden palloj\u00e4\u00e4tel\u00f6it\u00e4 sek\u00e4 pehmytt\u00e4.<\/p>\n\n\n\n<p>Kahvilan aukioloaikoina my\u00f6s Hakoj\u00e4rven kyl\u00e4yhdistyksen Kirpputori avoinna sek\u00e4 mahdollisuus pelata biljardia, varausmaksu 5\u20ac\/h. Varaathan kirpputoria ja biljardia varten k\u00e4teist\u00e4!<\/p>\n\n\n\n<figure class=\"wp-block-image size-large\"><img decoding=\"async\" loading=\"lazy\" width=\"576\" height=\"1024\" src=\"https:\/\/www.hakojarvi.com\/wp-content\/uploads\/2026\/04\/IMG-20251206-WA0004-576x1024.jpg\" alt=\"\" class=\"wp-image-859\" srcset=\"https:\/\/www.hakojarvi.com\/wp-content\/uploads\/2026\/04\/IMG-20251206-WA0004-576x1024.jpg 576w, https:\/\/www.hakojarvi.com\/wp-content\/uploads\/2026\/04\/IMG-20251206-WA0004-169x300.jpg 169w, https:\/\/www.hakojarvi.com\/wp-content\/uploads\/2026\/04\/IMG-20251206-WA0004-768x1365.jpg 768w, https:\/\/www.hakojarvi.com\/wp-content\/uploads\/2026\/04\/IMG-20251206-WA0004-864x1536.jpg 864w, https:\/\/www.hakojarvi.com\/wp-content\/uploads\/2026\/04\/IMG-20251206-WA0004.jpg 900w\" sizes=\"(max-width: 576px) 100vw, 576px\" \/><\/figure>\n","protected":false},"excerpt":{"rendered":"<p>Kahvila ja J\u00e4tski palvelee Hakoj\u00e4rven kyl\u00e4keskuksessa entisen koulun puolella talvikaudella la \u2013 su klo 9 \u2013 21, kes\u00e4ll\u00e4 laajennetuin aukioloajoin. Yritt\u00e4j\u00e4n\u00e4 toimii Anu Hakola. Valikoimaa on tarjolla makeasta suolaiseen. Aina jotain tuoretta myynniss\u00e4! Kahvilasta saa my\u00f6s pienten suomalaisten tehtaiden palloj\u00e4\u00e4tel\u00f6it\u00e4 sek\u00e4 pehmytt\u00e4. Kahvilan aukioloaikoina my\u00f6s Hakoj\u00e4rven kyl\u00e4yhdistyksen Kirpputori avoinna sek\u00e4 mahdollisuus pelata biljardia, varausmaksu 5\u20ac\/h. &hellip; <\/p>\n<p class=\"link-more\"><a href=\"https:\/\/www.hakojarvi.com\/index.php\/kahvila\/\" class=\"more-link\">Read more<span class=\"screen-reader-text\"> &#8221;Kahvila&#8221;<\/span><\/a><\/p>\n","protected":false},"author":1,"featured_media":0,"parent":0,"menu_order":0,"comment_status":"closed","ping_status":"closed","template":"","meta":[],"yoast_head":"<!-- This site is optimized with the Yoast SEO plugin v20.3 - https:\/\/yoast.com\/wordpress\/plugins\/seo\/ -->\n<title>Kahvila - Hakoj&auml;rvi<\/title>\n<meta name=\"description\" content=\"Kahvila ja J\u00e4tski palvelee Hakoj\u00e4rven kyl\u00e4keskuksessa entisen koulun puolella osoitteessa \u00c4ht\u00e4rintie 585, 63680 Hakoj\u00e4rvi.\" \/>\n<meta name=\"robots\" content=\"index, follow, max-snippet:-1, max-image-preview:large, max-video-preview:-1\" \/>\n<link rel=\"canonical\" href=\"https:\/\/www.hakojarvi.com\/index.php\/kahvila\/\" \/>\n<meta property=\"og:locale\" content=\"fi_FI\" \/>\n<meta property=\"og:type\" content=\"article\" \/>\n<meta property=\"og:title\" content=\"Kahvila - Hakoj&auml;rvi\" \/>\n<meta property=\"og:description\" content=\"Kahvila ja J\u00e4tski palvelee Hakoj\u00e4rven kyl\u00e4keskuksessa entisen koulun puolella osoitteessa \u00c4ht\u00e4rintie 585, 63680 Hakoj\u00e4rvi.\" \/>\n<meta property=\"og:url\" content=\"https:\/\/www.hakojarvi.com\/index.php\/kahvila\/\" \/>\n<meta property=\"og:site_name\" content=\"Hakoj&auml;rvi\" \/>\n<meta property=\"article:modified_time\" content=\"2026-04-10T05:19:51+00:00\" \/>\n<meta property=\"og:image\" content=\"https:\/\/www.hakojarvi.com\/wp-content\/uploads\/2026\/04\/IMG-20251206-WA0004-576x1024.jpg\" \/>\n<meta name=\"twitter:card\" content=\"summary_large_image\" \/>\n<meta name=\"twitter:label1\" content=\"Arvioitu lukuaika\" \/>\n\t<meta name=\"twitter:data1\" content=\"1 minuutti\" \/>\n<script type=\"application\/ld+json\" class=\"yoast-schema-graph\">{\"@context\":\"https:\/\/schema.org\",\"@graph\":[{\"@type\":\"WebPage\",\"@id\":\"https:\/\/www.hakojarvi.com\/index.php\/kahvila\/\",\"url\":\"https:\/\/www.hakojarvi.com\/index.php\/kahvila\/\",\"name\":\"Kahvila - Hakoj&auml;rvi\",\"isPartOf\":{\"@id\":\"https:\/\/www.hakojarvi.com\/#website\"},\"datePublished\":\"2026-04-10T05:18:02+00:00\",\"dateModified\":\"2026-04-10T05:19:51+00:00\",\"description\":\"Kahvila ja J\u00e4tski palvelee Hakoj\u00e4rven kyl\u00e4keskuksessa entisen koulun puolella osoitteessa \u00c4ht\u00e4rintie 585, 63680 Hakoj\u00e4rvi.\",\"breadcrumb\":{\"@id\":\"https:\/\/www.hakojarvi.com\/index.php\/kahvila\/#breadcrumb\"},\"inLanguage\":\"fi\",\"potentialAction\":[{\"@type\":\"ReadAction\",\"target\":[\"https:\/\/www.hakojarvi.com\/index.php\/kahvila\/\"]}]},{\"@type\":\"BreadcrumbList\",\"@id\":\"https:\/\/www.hakojarvi.com\/index.php\/kahvila\/#breadcrumb\",\"itemListElement\":[{\"@type\":\"ListItem\",\"position\":1,\"name\":\"Etusivu\",\"item\":\"https:\/\/www.hakojarvi.com\/\"},{\"@type\":\"ListItem\",\"position\":2,\"name\":\"Kahvila\"}]},{\"@type\":\"WebSite\",\"@id\":\"https:\/\/www.hakojarvi.com\/#website\",\"url\":\"https:\/\/www.hakojarvi.com\/\",\"name\":\"Hakoj&auml;rvi\",\"description\":\"mulle mukava kyl&auml;\",\"potentialAction\":[{\"@type\":\"SearchAction\",\"target\":{\"@type\":\"EntryPoint\",\"urlTemplate\":\"https:\/\/www.hakojarvi.com\/?s={search_term_string}\"},\"query-input\":\"required name=search_term_string\"}],\"inLanguage\":\"fi\"}]}<\/script>\n<!-- \/ Yoast SEO plugin. -->","yoast_head_json":{"title":"Kahvila - Hakoj&auml;rvi","description":"Kahvila ja J\u00e4tski palvelee Hakoj\u00e4rven kyl\u00e4keskuksessa entisen koulun puolella osoitteessa \u00c4ht\u00e4rintie 585, 63680 Hakoj\u00e4rvi.","robots":{"index":"index","follow":"follow","max-snippet":"max-snippet:-1","max-image-preview":"max-image-preview:large","max-video-preview":"max-video-preview:-1"},"canonical":"https:\/\/www.hakojarvi.com\/index.php\/kahvila\/","og_locale":"fi_FI","og_type":"article","og_title":"Kahvila - Hakoj&auml;rvi","og_description":"Kahvila ja J\u00e4tski palvelee Hakoj\u00e4rven kyl\u00e4keskuksessa entisen koulun puolella osoitteessa \u00c4ht\u00e4rintie 585, 63680 Hakoj\u00e4rvi.","og_url":"https:\/\/www.hakojarvi.com\/index.php\/kahvila\/","og_site_name":"Hakoj&auml;rvi","article_modified_time":"2026-04-10T05:19:51+00:00","og_image":[{"url":"https:\/\/www.hakojarvi.com\/wp-content\/uploads\/2026\/04\/IMG-20251206-WA0004-576x1024.jpg"}],"twitter_card":"summary_large_image","twitter_misc":{"Arvioitu lukuaika":"1 minuutti"},"schema":{"@context":"https:\/\/schema.org","@graph":[{"@type":"WebPage","@id":"https:\/\/www.hakojarvi.com\/index.php\/kahvila\/","url":"https:\/\/www.hakojarvi.com\/index.php\/kahvila\/","name":"Kahvila - Hakoj&auml;rvi","isPartOf":{"@id":"https:\/\/www.hakojarvi.com\/#website"},"datePublished":"2026-04-10T05:18:02+00:00","dateModified":"2026-04-10T05:19:51+00:00","description":"Kahvila ja J\u00e4tski palvelee Hakoj\u00e4rven kyl\u00e4keskuksessa entisen koulun puolella osoitteessa \u00c4ht\u00e4rintie 585, 63680 Hakoj\u00e4rvi.","breadcrumb":{"@id":"https:\/\/www.hakojarvi.com\/index.php\/kahvila\/#breadcrumb"},"inLanguage":"fi","potentialAction":[{"@type":"ReadAction","target":["https:\/\/www.hakojarvi.com\/index.php\/kahvila\/"]}]},{"@type":"BreadcrumbList","@id":"https:\/\/www.hakojarvi.com\/index.php\/kahvila\/#breadcrumb","itemListElement":[{"@type":"ListItem","position":1,"name":"Etusivu","item":"https:\/\/www.hakojarvi.com\/"},{"@type":"ListItem","position":2,"name":"Kahvila"}]},{"@type":"WebSite","@id":"https:\/\/www.hakojarvi.com\/#website","url":"https:\/\/www.hakojarvi.com\/","name":"Hakoj&auml;rvi","description":"mulle mukava kyl&auml;","potentialAction":[{"@type":"SearchAction","target":{"@type":"EntryPoint","urlTemplate":"https:\/\/www.hakojarvi.com\/?s={search_term_string}"},"query-input":"required name=search_term_string"}],"inLanguage":"fi"}]}},"_links":{"self":[{"href":"https:\/\/www.hakojarvi.com\/index.php\/wp-json\/wp\/v2\/pages\/858"}],"collection":[{"href":"https:\/\/www.hakojarvi.com\/index.php\/wp-json\/wp\/v2\/pages"}],"about":[{"href":"https:\/\/www.hakojarvi.com\/index.php\/wp-json\/wp\/v2\/types\/page"}],"author":[{"embeddable":true,"href":"https:\/\/www.hakojarvi.com\/index.php\/wp-json\/wp\/v2\/users\/1"}],"replies":[{"embeddable":true,"href":"https:\/\/www.hakojarvi.com\/index.php\/wp-json\/wp\/v2\/comments?post=858"}],"version-history":[{"count":1,"href":"https:\/\/www.hakojarvi.com\/index.php\/wp-json\/wp\/v2\/pages\/858\/revisions"}],"predecessor-version":[{"id":860,"href":"https:\/\/www.hakojarvi.com\/index.php\/wp-json\/wp\/v2\/pages\/858\/revisions\/860"}],"wp:attachment":[{"href":"https:\/\/www.hakojarvi.com\/index.php\/wp-json\/wp\/v2\/media?parent=858"}],"curies":[{"name":"wp","href":"https:\/\/api.w.org\/{rel}","templated":true}]}}