{"id":850,"date":"2026-04-10T05:02:16","date_gmt":"2026-04-10T05:02:16","guid":{"rendered":"https:\/\/www.hakojarvi.com\/?page_id=850"},"modified":"2026-04-10T05:12:05","modified_gmt":"2026-04-10T05:12:05","slug":"hyvinvointipalveluyrittajat","status":"publish","type":"page","link":"https:\/\/www.hakojarvi.com\/index.php\/palvelut\/hyvinvointipalveluyrittajat\/","title":{"rendered":"Hyvinvointipalvelut"},"content":{"rendered":"\n<p>Hakoj\u00e4rven kyl\u00e4keskuksessa entisen koulun puolella (os. \u00c4ht\u00e4rintie 585, Hakoj\u00e4rvi) toimii useita hyvinvointipalveluyritt\u00e4ji\u00e4. Sis\u00e4\u00e4nk\u00e4ynti tiloihin entisen koulun terassin p\u00e4\u00e4ss\u00e4 olevasta ovesta. <\/p>\n\n\n\n<ul>\n<li>Tmi Terhi Vartiam\u00e4ki : Palveluihin kuuluu niin l\u00e4\u00e4kinn\u00e4llinen jalkojenhoito kuin arjen rauhoittumis- ja rentoutushetket. Jalkaterveyspulmissa tukena on maksuton hoidon tarpeen arvio.&nbsp;Avoinna to-pe 9-16, la sopimuksen mukaan. Ajanvaraus <a href=\"https:\/\/vello.fi\/terhivartiamaki\" target=\"_blank\" rel=\"noreferrer noopener\">https:\/\/vello.fi\/terhivartiamaki<\/a> tai puhelimitse 040-7060926&nbsp;<\/li>\n\n\n\n<li>Luontaishoitola Camomilla \/ Eeva-Liisa Rissa tarjoaa seuraavanlaisia hoitoja: *Moderni vy\u00f6hyketerapia koko keholle * Hieronta * Bachin kukkaterapia * Hiivasyndroomahoidot * Kranio-sakraaliterapia* Korvakynttil\u00e4hoidot * Koliikkihoidot vauvoille. Vastaanotto Hakoj\u00e4rvell\u00e4 alkuviikosta. Hoitojen varaukset puh.0407374754 <a href=\"http:\/\/www.luontaishoitolacamomilla.net\/?fbclid=IwZXh0bgNhZW0CMTAAYnJpZBEwUlhKYklIT0x5QWNyaEdDdHNydGMGYXBwX2lkEDIyMjAzOTE3ODgyMDA4OTIAAR55GFZb_cJyCnSL6mV18o0xUaE71Vh9z9b_uB_aPxCw439M2AQDyHz8qfh0nQ_aem_KzBt6XOmdTWRmV9cnEBx3w\" target=\"_blank\" rel=\"noreferrer noopener\">www.luontaishoitolacamomilla.net<\/a><\/li>\n\n\n\n<li>Tyyni Tovi \/ Marika Saarela tarjoaa lempe\u00e4\u00e4, rentouttavaa hierontaa tunnelmallisessa hoitohuoneessa. Tilassa on my\u00f6s myym\u00e4l\u00e4, josta voit ostaa Tyyni Tovin sek\u00e4 Kaurilan Saunan tuotteita. Hieronnat varattavissa joustavasti arkisin ja viikonloppuisin klo 10.00 alkaen \u2013 my\u00f6s ilta-ajat!&nbsp;&nbsp;Varaa oma hetkesi puhelimitse tai WhatsAppilla: 044 586 5844&nbsp;(parhaiten tavoitat arkisin klo 10\u201318 v\u00e4lill\u00e4). <a href=\"https:\/\/tyyni-tovi-8.webnode.fi\/\" target=\"_blank\" rel=\"noreferrer noopener\">https:\/\/tyyni-tovi-8.webnode.fi\/<\/a> <\/li>\n\n\n\n<li>Parturi-kampaamo TupasVilla \/ Eija Vainionp\u00e4\u00e4 j\u00e4rjest\u00e4\u00e4 pop-up -p\u00e4ivin\u00e4 hiustenleikkausta, parran muotoilua ja korvien rei&#8217;ityksi\u00e4. Varaa aikasi puh. 050 3590 350. <a href=\"https:\/\/l.facebook.com\/l.php?u=http%3A%2F%2Fwww.parturi-kampaamo-tupasvilla.webnode.fi%2F%3Ffbclid%3DIwZXh0bgNhZW0CMTAAYnJpZBEwUlhKYklIT0x5QWNyaEdDdHNydGMGYXBwX2lkEDIyMjAzOTE3ODgyMDA4OTIAAR6hoh6ssI5-ioHkBcdZzoe93rmVnMPvTY1JgKEBezcpln0TztQHGE-bw-VVEQ_aem_nGQPzusMy_cAjf3HBRiYwQ&amp;h=AT7lnIt1CU3oBjsnDnIYyRnq4GsACU5EzHhD-GVSh43vBgxkH30FVDnOjllORsuhtQ72mN-SECGEe2KGodH-gZD8IcRKzNrRbXNaCdaUtWCLLhADgRVO4XfxSQTUAj4rk729E5lYUKZ8h_ZM&amp;__tn__=-UK-R&amp;c[0]=AT6O4SiIi_A7kehc76iY5xkUjj3KK1cHla3qJRX23BDPNiV5js26jobIfRPGIoPrif48gKrmOXZGRxJKeAqLiwVqruHdrbCpHdfg4giHKG6Pz5YL_QpvRhsWUZzIx6mkycGBx5X_wLPo0Jt0dovMeLKxid91A3MK9Y3c9uKv4K_vFeDrU5PTMB7VLyvAYHE\" target=\"_blank\" rel=\"noreferrer noopener\">www.parturi-kampaamo-tupasvilla.webnode.fi<\/a> <\/li>\n<\/ul>\n","protected":false},"excerpt":{"rendered":"<p>Hakoj\u00e4rven kyl\u00e4keskuksessa entisen koulun puolella (os. \u00c4ht\u00e4rintie 585, Hakoj\u00e4rvi) toimii useita hyvinvointipalveluyritt\u00e4ji\u00e4. Sis\u00e4\u00e4nk\u00e4ynti tiloihin entisen koulun terassin p\u00e4\u00e4ss\u00e4 olevasta ovesta.<\/p>\n","protected":false},"author":1,"featured_media":0,"parent":34,"menu_order":0,"comment_status":"closed","ping_status":"closed","template":"","meta":[],"yoast_head":"<!-- This site is optimized with the Yoast SEO plugin v20.3 - https:\/\/yoast.com\/wordpress\/plugins\/seo\/ -->\n<title>Hyvinvointipalvelut - Hakoj&auml;rvi<\/title>\n<meta name=\"robots\" content=\"index, follow, max-snippet:-1, max-image-preview:large, max-video-preview:-1\" \/>\n<link rel=\"canonical\" href=\"https:\/\/www.hakojarvi.com\/index.php\/palvelut\/hyvinvointipalveluyrittajat\/\" \/>\n<meta property=\"og:locale\" content=\"fi_FI\" \/>\n<meta property=\"og:type\" content=\"article\" \/>\n<meta property=\"og:title\" content=\"Hyvinvointipalvelut - Hakoj&auml;rvi\" \/>\n<meta property=\"og:description\" content=\"Hakoj\u00e4rven kyl\u00e4keskuksessa entisen koulun puolella (os. \u00c4ht\u00e4rintie 585, Hakoj\u00e4rvi) toimii useita hyvinvointipalveluyritt\u00e4ji\u00e4. Sis\u00e4\u00e4nk\u00e4ynti tiloihin entisen koulun terassin p\u00e4\u00e4ss\u00e4 olevasta ovesta.\" \/>\n<meta property=\"og:url\" content=\"https:\/\/www.hakojarvi.com\/index.php\/palvelut\/hyvinvointipalveluyrittajat\/\" \/>\n<meta property=\"og:site_name\" content=\"Hakoj&auml;rvi\" \/>\n<meta property=\"article:modified_time\" content=\"2026-04-10T05:12:05+00:00\" \/>\n<meta name=\"twitter:card\" content=\"summary_large_image\" \/>\n<meta name=\"twitter:label1\" content=\"Arvioitu lukuaika\" \/>\n\t<meta name=\"twitter:data1\" content=\"1 minuutti\" \/>\n<script type=\"application\/ld+json\" class=\"yoast-schema-graph\">{\"@context\":\"https:\/\/schema.org\",\"@graph\":[{\"@type\":\"WebPage\",\"@id\":\"https:\/\/www.hakojarvi.com\/index.php\/palvelut\/hyvinvointipalveluyrittajat\/\",\"url\":\"https:\/\/www.hakojarvi.com\/index.php\/palvelut\/hyvinvointipalveluyrittajat\/\",\"name\":\"Hyvinvointipalvelut - Hakoj&auml;rvi\",\"isPartOf\":{\"@id\":\"https:\/\/www.hakojarvi.com\/#website\"},\"datePublished\":\"2026-04-10T05:02:16+00:00\",\"dateModified\":\"2026-04-10T05:12:05+00:00\",\"breadcrumb\":{\"@id\":\"https:\/\/www.hakojarvi.com\/index.php\/palvelut\/hyvinvointipalveluyrittajat\/#breadcrumb\"},\"inLanguage\":\"fi\",\"potentialAction\":[{\"@type\":\"ReadAction\",\"target\":[\"https:\/\/www.hakojarvi.com\/index.php\/palvelut\/hyvinvointipalveluyrittajat\/\"]}]},{\"@type\":\"BreadcrumbList\",\"@id\":\"https:\/\/www.hakojarvi.com\/index.php\/palvelut\/hyvinvointipalveluyrittajat\/#breadcrumb\",\"itemListElement\":[{\"@type\":\"ListItem\",\"position\":1,\"name\":\"Etusivu\",\"item\":\"https:\/\/www.hakojarvi.com\/\"},{\"@type\":\"ListItem\",\"position\":2,\"name\":\"Palvelut\",\"item\":\"https:\/\/www.hakojarvi.com\/index.php\/palvelut\/\"},{\"@type\":\"ListItem\",\"position\":3,\"name\":\"Hyvinvointipalvelut\"}]},{\"@type\":\"WebSite\",\"@id\":\"https:\/\/www.hakojarvi.com\/#website\",\"url\":\"https:\/\/www.hakojarvi.com\/\",\"name\":\"Hakoj&auml;rvi\",\"description\":\"mulle mukava kyl&auml;\",\"potentialAction\":[{\"@type\":\"SearchAction\",\"target\":{\"@type\":\"EntryPoint\",\"urlTemplate\":\"https:\/\/www.hakojarvi.com\/?s={search_term_string}\"},\"query-input\":\"required name=search_term_string\"}],\"inLanguage\":\"fi\"}]}<\/script>\n<!-- \/ Yoast SEO plugin. -->","yoast_head_json":{"title":"Hyvinvointipalvelut - Hakoj&auml;rvi","robots":{"index":"index","follow":"follow","max-snippet":"max-snippet:-1","max-image-preview":"max-image-preview:large","max-video-preview":"max-video-preview:-1"},"canonical":"https:\/\/www.hakojarvi.com\/index.php\/palvelut\/hyvinvointipalveluyrittajat\/","og_locale":"fi_FI","og_type":"article","og_title":"Hyvinvointipalvelut - Hakoj&auml;rvi","og_description":"Hakoj\u00e4rven kyl\u00e4keskuksessa entisen koulun puolella (os. \u00c4ht\u00e4rintie 585, Hakoj\u00e4rvi) toimii useita hyvinvointipalveluyritt\u00e4ji\u00e4. Sis\u00e4\u00e4nk\u00e4ynti tiloihin entisen koulun terassin p\u00e4\u00e4ss\u00e4 olevasta ovesta.","og_url":"https:\/\/www.hakojarvi.com\/index.php\/palvelut\/hyvinvointipalveluyrittajat\/","og_site_name":"Hakoj&auml;rvi","article_modified_time":"2026-04-10T05:12:05+00:00","twitter_card":"summary_large_image","twitter_misc":{"Arvioitu lukuaika":"1 minuutti"},"schema":{"@context":"https:\/\/schema.org","@graph":[{"@type":"WebPage","@id":"https:\/\/www.hakojarvi.com\/index.php\/palvelut\/hyvinvointipalveluyrittajat\/","url":"https:\/\/www.hakojarvi.com\/index.php\/palvelut\/hyvinvointipalveluyrittajat\/","name":"Hyvinvointipalvelut - Hakoj&auml;rvi","isPartOf":{"@id":"https:\/\/www.hakojarvi.com\/#website"},"datePublished":"2026-04-10T05:02:16+00:00","dateModified":"2026-04-10T05:12:05+00:00","breadcrumb":{"@id":"https:\/\/www.hakojarvi.com\/index.php\/palvelut\/hyvinvointipalveluyrittajat\/#breadcrumb"},"inLanguage":"fi","potentialAction":[{"@type":"ReadAction","target":["https:\/\/www.hakojarvi.com\/index.php\/palvelut\/hyvinvointipalveluyrittajat\/"]}]},{"@type":"BreadcrumbList","@id":"https:\/\/www.hakojarvi.com\/index.php\/palvelut\/hyvinvointipalveluyrittajat\/#breadcrumb","itemListElement":[{"@type":"ListItem","position":1,"name":"Etusivu","item":"https:\/\/www.hakojarvi.com\/"},{"@type":"ListItem","position":2,"name":"Palvelut","item":"https:\/\/www.hakojarvi.com\/index.php\/palvelut\/"},{"@type":"ListItem","position":3,"name":"Hyvinvointipalvelut"}]},{"@type":"WebSite","@id":"https:\/\/www.hakojarvi.com\/#website","url":"https:\/\/www.hakojarvi.com\/","name":"Hakoj&auml;rvi","description":"mulle mukava kyl&auml;","potentialAction":[{"@type":"SearchAction","target":{"@type":"EntryPoint","urlTemplate":"https:\/\/www.hakojarvi.com\/?s={search_term_string}"},"query-input":"required name=search_term_string"}],"inLanguage":"fi"}]}},"_links":{"self":[{"href":"https:\/\/www.hakojarvi.com\/index.php\/wp-json\/wp\/v2\/pages\/850"}],"collection":[{"href":"https:\/\/www.hakojarvi.com\/index.php\/wp-json\/wp\/v2\/pages"}],"about":[{"href":"https:\/\/www.hakojarvi.com\/index.php\/wp-json\/wp\/v2\/types\/page"}],"author":[{"embeddable":true,"href":"https:\/\/www.hakojarvi.com\/index.php\/wp-json\/wp\/v2\/users\/1"}],"replies":[{"embeddable":true,"href":"https:\/\/www.hakojarvi.com\/index.php\/wp-json\/wp\/v2\/comments?post=850"}],"version-history":[{"count":2,"href":"https:\/\/www.hakojarvi.com\/index.php\/wp-json\/wp\/v2\/pages\/850\/revisions"}],"predecessor-version":[{"id":857,"href":"https:\/\/www.hakojarvi.com\/index.php\/wp-json\/wp\/v2\/pages\/850\/revisions\/857"}],"up":[{"embeddable":true,"href":"https:\/\/www.hakojarvi.com\/index.php\/wp-json\/wp\/v2\/pages\/34"}],"wp:attachment":[{"href":"https:\/\/www.hakojarvi.com\/index.php\/wp-json\/wp\/v2\/media?parent=850"}],"curies":[{"name":"wp","href":"https:\/\/api.w.org\/{rel}","templated":true}]}}