{"id":412,"date":"2023-02-20T12:52:08","date_gmt":"2023-02-20T12:52:08","guid":{"rendered":"https:\/\/www.hakojarvi.com\/?page_id=412"},"modified":"2025-12-04T12:21:07","modified_gmt":"2025-12-04T12:21:07","slug":"hakojarven-matkaparkki","status":"publish","type":"page","link":"https:\/\/www.hakojarvi.com\/index.php\/palvelut\/hakojarven-matkaparkki\/","title":{"rendered":"Hakoj\u00e4rven Matkaparkki"},"content":{"rendered":"\n<p>Hakoj\u00e4rven Matkaparkki sijaitsee Hakoj\u00e4rven kyl\u00e4talon tuntumassa, rauhallisessa ja luonnonl\u00e4heisess\u00e4 ymp\u00e4rist\u00f6ss\u00e4. Lyhyen matkan p\u00e4\u00e4ss\u00e4 Tuurin ja \u00c4ht\u00e4rin matkailukohteet. Vuorokausi alkaen klo 14 \u2013 seuraavan p\u00e4iv\u00e4n klo 12 asti. Paikat nro 1 ja 2 sijaitsevat entisen koulun ja varastorakennuksen takaseinustalla. Paikat nro 3 ja 4 sijaitsevat alakent\u00e4ll\u00e4 j\u00e4\u00e4kiekkokaukalon ja matonpesupaikan v\u00e4liss\u00e4. Hakota -kota, kuntoportaat, jalkapallo-, monitoimi- ja leikkikentt\u00e4 k\u00e4ytett\u00e4viss\u00e4. Entisen koulun tiloissa palvelee Kahvila ja J\u00e4tski. Kahvilan aukioloaikoina voi sis\u00e4tiloissa pelata p\u00f6yt\u00e4pelej\u00e4 ja lautapelej\u00e4, lukea tai vaikka musisoida. Biljardi lis\u00e4hinnasta 5\u20ac\/h. Tiloissa on esill\u00e4 koulun vanhaa esineist\u00f6\u00e4 ja sielt\u00e4 l\u00f6ytyy my\u00f6s kirpputori, jonka tuotto menee Hakoj\u00e4rven kyl\u00e4yhdistyksen hyv\u00e4ksi. Lis\u00e4ksi on mahdollisuus lainata pihapeliv\u00e4lineit\u00e4, vuokrata kyl\u00e4talon liikuntasalia 10\u20ac\/h tai k\u00e4ytt\u00e4\u00e4 edullisesti kuntosalia 2\u20ac\/kerta.<\/p>\n\n\n\n<p>Varaa oma paikkasi Matkaparkki.com -sivustolta tai sovelluksesta. Huomaa, ett\u00e4 sivuston karttaa t\u00e4ytyy zoomata, jotta sek\u00e4 ilman s\u00e4hk\u00f6\u00e4 olevat ett\u00e4 s\u00e4hk\u00f6paikka n\u00e4kyv\u00e4t.<\/p>\n\n\n\n<p>Suorat linkit paikkojen varaukseen l\u00f6yd\u00e4t my\u00f6s alta:<\/p>\n\n\n\n<p><a href=\"https:\/\/app.matkaparkki.com\/#\/sites?id=ehVWQC6e6uKYtkeyJ6fG\">S\u00e4hk\u00f6paikka<\/a> <\/p>\n\n\n\n<p><a href=\"https:\/\/app.matkaparkki.com\/#\/sites?id=upKR5YVnWbbsZOY075M9\">Ilman s\u00e4hk\u00f6\u00e4<\/a>  <\/p>\n\n\n\n<figure class=\"wp-block-image size-large\"><img decoding=\"async\" loading=\"lazy\" width=\"724\" height=\"1024\" src=\"https:\/\/www.hakojarvi.com\/wp-content\/uploads\/2025\/12\/Hakojarvi-matkaparkki-724x1024.png\" alt=\"\" class=\"wp-image-777\" srcset=\"https:\/\/www.hakojarvi.com\/wp-content\/uploads\/2025\/12\/Hakojarvi-matkaparkki-724x1024.png 724w, https:\/\/www.hakojarvi.com\/wp-content\/uploads\/2025\/12\/Hakojarvi-matkaparkki-212x300.png 212w, https:\/\/www.hakojarvi.com\/wp-content\/uploads\/2025\/12\/Hakojarvi-matkaparkki-768x1086.png 768w, https:\/\/www.hakojarvi.com\/wp-content\/uploads\/2025\/12\/Hakojarvi-matkaparkki-1086x1536.png 1086w, https:\/\/www.hakojarvi.com\/wp-content\/uploads\/2025\/12\/Hakojarvi-matkaparkki.png 1414w\" sizes=\"(max-width: 724px) 100vw, 724px\" \/><\/figure>\n","protected":false},"excerpt":{"rendered":"<p>Hakoj\u00e4rven Matkaparkki sijaitsee Hakoj\u00e4rven kyl\u00e4talon tuntumassa, rauhallisessa ja luonnonl\u00e4heisess\u00e4 ymp\u00e4rist\u00f6ss\u00e4. Lyhyen matkan p\u00e4\u00e4ss\u00e4 Tuurin ja \u00c4ht\u00e4rin matkailukohteet. Vuorokausi alkaen klo 14 \u2013 seuraavan p\u00e4iv\u00e4n klo 12 asti. Paikat nro 1 ja 2 sijaitsevat entisen koulun ja varastorakennuksen takaseinustalla. Paikat nro 3 ja 4 sijaitsevat alakent\u00e4ll\u00e4 j\u00e4\u00e4kiekkokaukalon ja matonpesupaikan v\u00e4liss\u00e4. Hakota -kota, kuntoportaat, jalkapallo-, monitoimi- ja &hellip; <\/p>\n<p class=\"link-more\"><a href=\"https:\/\/www.hakojarvi.com\/index.php\/palvelut\/hakojarven-matkaparkki\/\" class=\"more-link\">Read more<span class=\"screen-reader-text\"> &#8221;Hakoj\u00e4rven Matkaparkki&#8221;<\/span><\/a><\/p>\n","protected":false},"author":1,"featured_media":0,"parent":34,"menu_order":0,"comment_status":"closed","ping_status":"closed","template":"","meta":[],"yoast_head":"<!-- This site is optimized with the Yoast SEO plugin v20.3 - https:\/\/yoast.com\/wordpress\/plugins\/seo\/ -->\n<title>Hakoj\u00e4rven Matkaparkki - Hakoj&auml;rvi<\/title>\n<meta name=\"description\" content=\"Tervetuloa Hakoj\u00e4rven Matkaparkkiin! Matkaparkki sijaitsee Hakoj\u00e4rven koulun yhteydess\u00e4 ja on Hakoj\u00e4rven kyl\u00e4yhdistyksen yll\u00e4pit\u00e4m\u00e4. Matkaparkki on avoinna 1.6-19.10.2025 ja varaukset tehd\u00e4\u00e4n matkaparkki.com -sovelluksen tai -sivuston kautta.\" \/>\n<meta name=\"robots\" content=\"index, follow, max-snippet:-1, max-image-preview:large, max-video-preview:-1\" \/>\n<link rel=\"canonical\" href=\"https:\/\/www.hakojarvi.com\/index.php\/palvelut\/hakojarven-matkaparkki\/\" \/>\n<meta property=\"og:locale\" content=\"fi_FI\" \/>\n<meta property=\"og:type\" content=\"article\" \/>\n<meta property=\"og:title\" content=\"Hakoj\u00e4rven Matkaparkki - Hakoj&auml;rvi\" \/>\n<meta property=\"og:description\" content=\"Tervetuloa Hakoj\u00e4rven Matkaparkkiin! Matkaparkki sijaitsee Hakoj\u00e4rven koulun yhteydess\u00e4 ja on Hakoj\u00e4rven kyl\u00e4yhdistyksen yll\u00e4pit\u00e4m\u00e4. Matkaparkki on avoinna 1.6-19.10.2025 ja varaukset tehd\u00e4\u00e4n matkaparkki.com -sovelluksen tai -sivuston kautta.\" \/>\n<meta property=\"og:url\" content=\"https:\/\/www.hakojarvi.com\/index.php\/palvelut\/hakojarven-matkaparkki\/\" \/>\n<meta property=\"og:site_name\" content=\"Hakoj&auml;rvi\" \/>\n<meta property=\"article:modified_time\" content=\"2025-12-04T12:21:07+00:00\" \/>\n<meta property=\"og:image\" content=\"https:\/\/www.hakojarvi.com\/wp-content\/uploads\/2025\/12\/Hakojarvi-matkaparkki-724x1024.png\" \/>\n<meta name=\"twitter:card\" content=\"summary_large_image\" \/>\n<meta name=\"twitter:label1\" content=\"Arvioitu lukuaika\" \/>\n\t<meta name=\"twitter:data1\" content=\"2 minuuttia\" \/>\n<script type=\"application\/ld+json\" class=\"yoast-schema-graph\">{\"@context\":\"https:\/\/schema.org\",\"@graph\":[{\"@type\":\"WebPage\",\"@id\":\"https:\/\/www.hakojarvi.com\/index.php\/palvelut\/hakojarven-matkaparkki\/\",\"url\":\"https:\/\/www.hakojarvi.com\/index.php\/palvelut\/hakojarven-matkaparkki\/\",\"name\":\"Hakoj\u00e4rven Matkaparkki - Hakoj&auml;rvi\",\"isPartOf\":{\"@id\":\"https:\/\/www.hakojarvi.com\/#website\"},\"datePublished\":\"2023-02-20T12:52:08+00:00\",\"dateModified\":\"2025-12-04T12:21:07+00:00\",\"description\":\"Tervetuloa Hakoj\u00e4rven Matkaparkkiin! Matkaparkki sijaitsee Hakoj\u00e4rven koulun yhteydess\u00e4 ja on Hakoj\u00e4rven kyl\u00e4yhdistyksen yll\u00e4pit\u00e4m\u00e4. Matkaparkki on avoinna 1.6-19.10.2025 ja varaukset tehd\u00e4\u00e4n matkaparkki.com -sovelluksen tai -sivuston kautta.\",\"breadcrumb\":{\"@id\":\"https:\/\/www.hakojarvi.com\/index.php\/palvelut\/hakojarven-matkaparkki\/#breadcrumb\"},\"inLanguage\":\"fi\",\"potentialAction\":[{\"@type\":\"ReadAction\",\"target\":[\"https:\/\/www.hakojarvi.com\/index.php\/palvelut\/hakojarven-matkaparkki\/\"]}]},{\"@type\":\"BreadcrumbList\",\"@id\":\"https:\/\/www.hakojarvi.com\/index.php\/palvelut\/hakojarven-matkaparkki\/#breadcrumb\",\"itemListElement\":[{\"@type\":\"ListItem\",\"position\":1,\"name\":\"Etusivu\",\"item\":\"https:\/\/www.hakojarvi.com\/\"},{\"@type\":\"ListItem\",\"position\":2,\"name\":\"Palvelut\",\"item\":\"https:\/\/www.hakojarvi.com\/index.php\/palvelut\/\"},{\"@type\":\"ListItem\",\"position\":3,\"name\":\"Hakoj\u00e4rven Matkaparkki\"}]},{\"@type\":\"WebSite\",\"@id\":\"https:\/\/www.hakojarvi.com\/#website\",\"url\":\"https:\/\/www.hakojarvi.com\/\",\"name\":\"Hakoj&auml;rvi\",\"description\":\"mulle mukava kyl&auml;\",\"potentialAction\":[{\"@type\":\"SearchAction\",\"target\":{\"@type\":\"EntryPoint\",\"urlTemplate\":\"https:\/\/www.hakojarvi.com\/?s={search_term_string}\"},\"query-input\":\"required name=search_term_string\"}],\"inLanguage\":\"fi\"}]}<\/script>\n<!-- \/ Yoast SEO plugin. -->","yoast_head_json":{"title":"Hakoj\u00e4rven Matkaparkki - Hakoj&auml;rvi","description":"Tervetuloa Hakoj\u00e4rven Matkaparkkiin! Matkaparkki sijaitsee Hakoj\u00e4rven koulun yhteydess\u00e4 ja on Hakoj\u00e4rven kyl\u00e4yhdistyksen yll\u00e4pit\u00e4m\u00e4. Matkaparkki on avoinna 1.6-19.10.2025 ja varaukset tehd\u00e4\u00e4n matkaparkki.com -sovelluksen tai -sivuston kautta.","robots":{"index":"index","follow":"follow","max-snippet":"max-snippet:-1","max-image-preview":"max-image-preview:large","max-video-preview":"max-video-preview:-1"},"canonical":"https:\/\/www.hakojarvi.com\/index.php\/palvelut\/hakojarven-matkaparkki\/","og_locale":"fi_FI","og_type":"article","og_title":"Hakoj\u00e4rven Matkaparkki - Hakoj&auml;rvi","og_description":"Tervetuloa Hakoj\u00e4rven Matkaparkkiin! Matkaparkki sijaitsee Hakoj\u00e4rven koulun yhteydess\u00e4 ja on Hakoj\u00e4rven kyl\u00e4yhdistyksen yll\u00e4pit\u00e4m\u00e4. Matkaparkki on avoinna 1.6-19.10.2025 ja varaukset tehd\u00e4\u00e4n matkaparkki.com -sovelluksen tai -sivuston kautta.","og_url":"https:\/\/www.hakojarvi.com\/index.php\/palvelut\/hakojarven-matkaparkki\/","og_site_name":"Hakoj&auml;rvi","article_modified_time":"2025-12-04T12:21:07+00:00","og_image":[{"url":"https:\/\/www.hakojarvi.com\/wp-content\/uploads\/2025\/12\/Hakojarvi-matkaparkki-724x1024.png"}],"twitter_card":"summary_large_image","twitter_misc":{"Arvioitu lukuaika":"2 minuuttia"},"schema":{"@context":"https:\/\/schema.org","@graph":[{"@type":"WebPage","@id":"https:\/\/www.hakojarvi.com\/index.php\/palvelut\/hakojarven-matkaparkki\/","url":"https:\/\/www.hakojarvi.com\/index.php\/palvelut\/hakojarven-matkaparkki\/","name":"Hakoj\u00e4rven Matkaparkki - Hakoj&auml;rvi","isPartOf":{"@id":"https:\/\/www.hakojarvi.com\/#website"},"datePublished":"2023-02-20T12:52:08+00:00","dateModified":"2025-12-04T12:21:07+00:00","description":"Tervetuloa Hakoj\u00e4rven Matkaparkkiin! Matkaparkki sijaitsee Hakoj\u00e4rven koulun yhteydess\u00e4 ja on Hakoj\u00e4rven kyl\u00e4yhdistyksen yll\u00e4pit\u00e4m\u00e4. Matkaparkki on avoinna 1.6-19.10.2025 ja varaukset tehd\u00e4\u00e4n matkaparkki.com -sovelluksen tai -sivuston kautta.","breadcrumb":{"@id":"https:\/\/www.hakojarvi.com\/index.php\/palvelut\/hakojarven-matkaparkki\/#breadcrumb"},"inLanguage":"fi","potentialAction":[{"@type":"ReadAction","target":["https:\/\/www.hakojarvi.com\/index.php\/palvelut\/hakojarven-matkaparkki\/"]}]},{"@type":"BreadcrumbList","@id":"https:\/\/www.hakojarvi.com\/index.php\/palvelut\/hakojarven-matkaparkki\/#breadcrumb","itemListElement":[{"@type":"ListItem","position":1,"name":"Etusivu","item":"https:\/\/www.hakojarvi.com\/"},{"@type":"ListItem","position":2,"name":"Palvelut","item":"https:\/\/www.hakojarvi.com\/index.php\/palvelut\/"},{"@type":"ListItem","position":3,"name":"Hakoj\u00e4rven Matkaparkki"}]},{"@type":"WebSite","@id":"https:\/\/www.hakojarvi.com\/#website","url":"https:\/\/www.hakojarvi.com\/","name":"Hakoj&auml;rvi","description":"mulle mukava kyl&auml;","potentialAction":[{"@type":"SearchAction","target":{"@type":"EntryPoint","urlTemplate":"https:\/\/www.hakojarvi.com\/?s={search_term_string}"},"query-input":"required name=search_term_string"}],"inLanguage":"fi"}]}},"_links":{"self":[{"href":"https:\/\/www.hakojarvi.com\/index.php\/wp-json\/wp\/v2\/pages\/412"}],"collection":[{"href":"https:\/\/www.hakojarvi.com\/index.php\/wp-json\/wp\/v2\/pages"}],"about":[{"href":"https:\/\/www.hakojarvi.com\/index.php\/wp-json\/wp\/v2\/types\/page"}],"author":[{"embeddable":true,"href":"https:\/\/www.hakojarvi.com\/index.php\/wp-json\/wp\/v2\/users\/1"}],"replies":[{"embeddable":true,"href":"https:\/\/www.hakojarvi.com\/index.php\/wp-json\/wp\/v2\/comments?post=412"}],"version-history":[{"count":7,"href":"https:\/\/www.hakojarvi.com\/index.php\/wp-json\/wp\/v2\/pages\/412\/revisions"}],"predecessor-version":[{"id":784,"href":"https:\/\/www.hakojarvi.com\/index.php\/wp-json\/wp\/v2\/pages\/412\/revisions\/784"}],"up":[{"embeddable":true,"href":"https:\/\/www.hakojarvi.com\/index.php\/wp-json\/wp\/v2\/pages\/34"}],"wp:attachment":[{"href":"https:\/\/www.hakojarvi.com\/index.php\/wp-json\/wp\/v2\/media?parent=412"}],"curies":[{"name":"wp","href":"https:\/\/api.w.org\/{rel}","templated":true}]}}