{"id":39,"date":"2021-12-12T10:00:08","date_gmt":"2021-12-12T10:00:08","guid":{"rendered":"https:\/\/www.hakojarvi.com\/?page_id=39"},"modified":"2023-02-20T13:02:29","modified_gmt":"2023-02-20T13:02:29","slug":"alakentta","status":"publish","type":"page","link":"https:\/\/www.hakojarvi.com\/index.php\/palvelut\/alakentta\/","title":{"rendered":"Alakentt\u00e4"},"content":{"rendered":"\n<p>Alakentt\u00e4 sijaitsee koulun takana. Alakent\u00e4ll\u00e4 on luistelukaukalo ja jalkapallokentt\u00e4 sek\u00e4 Supernova -karuselli. Supernova -karuselli py\u00f6rii rengasta pitkin k\u00e4velless\u00e4.<br>Alakent\u00e4lt\u00e4 l\u00f6ytyy my\u00f6s\u00a0<a href=\"https:\/\/www.hakojarvi.com\/index.php\/palvelut\/matonpesupaikka\/\" target=\"_blank\" rel=\"noreferrer noopener\">matonpesupaikka<\/a>. Koulun sek\u00e4 alakent\u00e4n v\u00e4liss\u00e4 sijaitsee my\u00f6s\u00a0<a href=\"https:\/\/www.hakojarvi.com\/index.php\/palvelut\/hakota\/\">Hakota<\/a>.<\/p>\n\n\n\n<figure class=\"wp-block-image size-large\"><img decoding=\"async\" loading=\"lazy\" width=\"1024\" height=\"683\" src=\"https:\/\/www.hakojarvi.com\/wp-content\/uploads\/2021\/12\/IMG_7493-1024x683.jpg\" alt=\"\" class=\"wp-image-65\" srcset=\"https:\/\/www.hakojarvi.com\/wp-content\/uploads\/2021\/12\/IMG_7493-1024x683.jpg 1024w, https:\/\/www.hakojarvi.com\/wp-content\/uploads\/2021\/12\/IMG_7493-300x200.jpg 300w, https:\/\/www.hakojarvi.com\/wp-content\/uploads\/2021\/12\/IMG_7493-768x512.jpg 768w, https:\/\/www.hakojarvi.com\/wp-content\/uploads\/2021\/12\/IMG_7493-1536x1024.jpg 1536w, https:\/\/www.hakojarvi.com\/wp-content\/uploads\/2021\/12\/IMG_7493-2048x1365.jpg 2048w, https:\/\/www.hakojarvi.com\/wp-content\/uploads\/2021\/12\/IMG_7493-600x400.jpg 600w\" sizes=\"(max-width: 1024px) 100vw, 1024px\" \/><\/figure>\n\n\n\n<figure class=\"wp-block-image size-large\"><img decoding=\"async\" loading=\"lazy\" width=\"1024\" height=\"546\" src=\"https:\/\/www.hakojarvi.com\/wp-content\/uploads\/2021\/12\/IMG_7513-1024x546.jpg\" alt=\"\" class=\"wp-image-68\" srcset=\"https:\/\/www.hakojarvi.com\/wp-content\/uploads\/2021\/12\/IMG_7513-1024x546.jpg 1024w, https:\/\/www.hakojarvi.com\/wp-content\/uploads\/2021\/12\/IMG_7513-300x160.jpg 300w, https:\/\/www.hakojarvi.com\/wp-content\/uploads\/2021\/12\/IMG_7513-768x409.jpg 768w, https:\/\/www.hakojarvi.com\/wp-content\/uploads\/2021\/12\/IMG_7513-1536x819.jpg 1536w, https:\/\/www.hakojarvi.com\/wp-content\/uploads\/2021\/12\/IMG_7513-2048x1092.jpg 2048w\" sizes=\"(max-width: 1024px) 100vw, 1024px\" \/><\/figure>\n\n\n\n<figure class=\"wp-block-image size-full\"><img decoding=\"async\" loading=\"lazy\" width=\"950\" height=\"672\" src=\"https:\/\/www.hakojarvi.com\/wp-content\/uploads\/2021\/12\/alakentalla.jpg\" alt=\"\" class=\"wp-image-64\" srcset=\"https:\/\/www.hakojarvi.com\/wp-content\/uploads\/2021\/12\/alakentalla.jpg 950w, https:\/\/www.hakojarvi.com\/wp-content\/uploads\/2021\/12\/alakentalla-300x212.jpg 300w, https:\/\/www.hakojarvi.com\/wp-content\/uploads\/2021\/12\/alakentalla-768x543.jpg 768w\" sizes=\"(max-width: 950px) 100vw, 950px\" \/><\/figure>\n","protected":false},"excerpt":{"rendered":"<p>Alakentt\u00e4 sijaitsee koulun takana. Alakent\u00e4ll\u00e4 on luistelukaukalo ja jalkapallokentt\u00e4 sek\u00e4 Supernova -karuselli. Supernova -karuselli py\u00f6rii rengasta pitkin k\u00e4velless\u00e4.Alakent\u00e4lt\u00e4 l\u00f6ytyy my\u00f6s\u00a0matonpesupaikka. Koulun sek\u00e4 alakent\u00e4n v\u00e4liss\u00e4 sijaitsee my\u00f6s\u00a0Hakota.<\/p>\n","protected":false},"author":1,"featured_media":0,"parent":34,"menu_order":0,"comment_status":"closed","ping_status":"closed","template":"","meta":[],"yoast_head":"<!-- This site is optimized with the Yoast SEO plugin v20.3 - https:\/\/yoast.com\/wordpress\/plugins\/seo\/ -->\n<title>Alakentt\u00e4 - Hakoj&auml;rvi<\/title>\n<meta name=\"robots\" content=\"index, follow, max-snippet:-1, max-image-preview:large, max-video-preview:-1\" \/>\n<link rel=\"canonical\" href=\"https:\/\/www.hakojarvi.com\/index.php\/palvelut\/alakentta\/\" \/>\n<meta property=\"og:locale\" content=\"fi_FI\" \/>\n<meta property=\"og:type\" content=\"article\" \/>\n<meta property=\"og:title\" content=\"Alakentt\u00e4 - Hakoj&auml;rvi\" \/>\n<meta property=\"og:description\" content=\"Alakentt\u00e4 sijaitsee koulun takana. Alakent\u00e4ll\u00e4 on luistelukaukalo ja jalkapallokentt\u00e4 sek\u00e4 Supernova -karuselli. Supernova -karuselli py\u00f6rii rengasta pitkin k\u00e4velless\u00e4.Alakent\u00e4lt\u00e4 l\u00f6ytyy my\u00f6s\u00a0matonpesupaikka. Koulun sek\u00e4 alakent\u00e4n v\u00e4liss\u00e4 sijaitsee my\u00f6s\u00a0Hakota.\" \/>\n<meta property=\"og:url\" content=\"https:\/\/www.hakojarvi.com\/index.php\/palvelut\/alakentta\/\" \/>\n<meta property=\"og:site_name\" content=\"Hakoj&auml;rvi\" \/>\n<meta property=\"article:modified_time\" content=\"2023-02-20T13:02:29+00:00\" \/>\n<meta property=\"og:image\" content=\"https:\/\/www.hakojarvi.com\/wp-content\/uploads\/2021\/12\/IMG_7493-1024x683.jpg\" \/>\n<meta name=\"twitter:card\" content=\"summary_large_image\" \/>\n<meta name=\"twitter:label1\" content=\"Arvioitu lukuaika\" \/>\n\t<meta name=\"twitter:data1\" content=\"1 minuutti\" \/>\n<script type=\"application\/ld+json\" class=\"yoast-schema-graph\">{\"@context\":\"https:\/\/schema.org\",\"@graph\":[{\"@type\":\"WebPage\",\"@id\":\"https:\/\/www.hakojarvi.com\/index.php\/palvelut\/alakentta\/\",\"url\":\"https:\/\/www.hakojarvi.com\/index.php\/palvelut\/alakentta\/\",\"name\":\"Alakentt\u00e4 - Hakoj&auml;rvi\",\"isPartOf\":{\"@id\":\"https:\/\/www.hakojarvi.com\/#website\"},\"datePublished\":\"2021-12-12T10:00:08+00:00\",\"dateModified\":\"2023-02-20T13:02:29+00:00\",\"breadcrumb\":{\"@id\":\"https:\/\/www.hakojarvi.com\/index.php\/palvelut\/alakentta\/#breadcrumb\"},\"inLanguage\":\"fi\",\"potentialAction\":[{\"@type\":\"ReadAction\",\"target\":[\"https:\/\/www.hakojarvi.com\/index.php\/palvelut\/alakentta\/\"]}]},{\"@type\":\"BreadcrumbList\",\"@id\":\"https:\/\/www.hakojarvi.com\/index.php\/palvelut\/alakentta\/#breadcrumb\",\"itemListElement\":[{\"@type\":\"ListItem\",\"position\":1,\"name\":\"Etusivu\",\"item\":\"https:\/\/www.hakojarvi.com\/\"},{\"@type\":\"ListItem\",\"position\":2,\"name\":\"Palvelut\",\"item\":\"https:\/\/www.hakojarvi.com\/index.php\/palvelut\/\"},{\"@type\":\"ListItem\",\"position\":3,\"name\":\"Alakentt\u00e4\"}]},{\"@type\":\"WebSite\",\"@id\":\"https:\/\/www.hakojarvi.com\/#website\",\"url\":\"https:\/\/www.hakojarvi.com\/\",\"name\":\"Hakoj&auml;rvi\",\"description\":\"mulle mukava kyl&auml;\",\"potentialAction\":[{\"@type\":\"SearchAction\",\"target\":{\"@type\":\"EntryPoint\",\"urlTemplate\":\"https:\/\/www.hakojarvi.com\/?s={search_term_string}\"},\"query-input\":\"required name=search_term_string\"}],\"inLanguage\":\"fi\"}]}<\/script>\n<!-- \/ Yoast SEO plugin. -->","yoast_head_json":{"title":"Alakentt\u00e4 - Hakoj&auml;rvi","robots":{"index":"index","follow":"follow","max-snippet":"max-snippet:-1","max-image-preview":"max-image-preview:large","max-video-preview":"max-video-preview:-1"},"canonical":"https:\/\/www.hakojarvi.com\/index.php\/palvelut\/alakentta\/","og_locale":"fi_FI","og_type":"article","og_title":"Alakentt\u00e4 - Hakoj&auml;rvi","og_description":"Alakentt\u00e4 sijaitsee koulun takana. Alakent\u00e4ll\u00e4 on luistelukaukalo ja jalkapallokentt\u00e4 sek\u00e4 Supernova -karuselli. Supernova -karuselli py\u00f6rii rengasta pitkin k\u00e4velless\u00e4.Alakent\u00e4lt\u00e4 l\u00f6ytyy my\u00f6s\u00a0matonpesupaikka. Koulun sek\u00e4 alakent\u00e4n v\u00e4liss\u00e4 sijaitsee my\u00f6s\u00a0Hakota.","og_url":"https:\/\/www.hakojarvi.com\/index.php\/palvelut\/alakentta\/","og_site_name":"Hakoj&auml;rvi","article_modified_time":"2023-02-20T13:02:29+00:00","og_image":[{"url":"https:\/\/www.hakojarvi.com\/wp-content\/uploads\/2021\/12\/IMG_7493-1024x683.jpg"}],"twitter_card":"summary_large_image","twitter_misc":{"Arvioitu lukuaika":"1 minuutti"},"schema":{"@context":"https:\/\/schema.org","@graph":[{"@type":"WebPage","@id":"https:\/\/www.hakojarvi.com\/index.php\/palvelut\/alakentta\/","url":"https:\/\/www.hakojarvi.com\/index.php\/palvelut\/alakentta\/","name":"Alakentt\u00e4 - Hakoj&auml;rvi","isPartOf":{"@id":"https:\/\/www.hakojarvi.com\/#website"},"datePublished":"2021-12-12T10:00:08+00:00","dateModified":"2023-02-20T13:02:29+00:00","breadcrumb":{"@id":"https:\/\/www.hakojarvi.com\/index.php\/palvelut\/alakentta\/#breadcrumb"},"inLanguage":"fi","potentialAction":[{"@type":"ReadAction","target":["https:\/\/www.hakojarvi.com\/index.php\/palvelut\/alakentta\/"]}]},{"@type":"BreadcrumbList","@id":"https:\/\/www.hakojarvi.com\/index.php\/palvelut\/alakentta\/#breadcrumb","itemListElement":[{"@type":"ListItem","position":1,"name":"Etusivu","item":"https:\/\/www.hakojarvi.com\/"},{"@type":"ListItem","position":2,"name":"Palvelut","item":"https:\/\/www.hakojarvi.com\/index.php\/palvelut\/"},{"@type":"ListItem","position":3,"name":"Alakentt\u00e4"}]},{"@type":"WebSite","@id":"https:\/\/www.hakojarvi.com\/#website","url":"https:\/\/www.hakojarvi.com\/","name":"Hakoj&auml;rvi","description":"mulle mukava kyl&auml;","potentialAction":[{"@type":"SearchAction","target":{"@type":"EntryPoint","urlTemplate":"https:\/\/www.hakojarvi.com\/?s={search_term_string}"},"query-input":"required name=search_term_string"}],"inLanguage":"fi"}]}},"_links":{"self":[{"href":"https:\/\/www.hakojarvi.com\/index.php\/wp-json\/wp\/v2\/pages\/39"}],"collection":[{"href":"https:\/\/www.hakojarvi.com\/index.php\/wp-json\/wp\/v2\/pages"}],"about":[{"href":"https:\/\/www.hakojarvi.com\/index.php\/wp-json\/wp\/v2\/types\/page"}],"author":[{"embeddable":true,"href":"https:\/\/www.hakojarvi.com\/index.php\/wp-json\/wp\/v2\/users\/1"}],"replies":[{"embeddable":true,"href":"https:\/\/www.hakojarvi.com\/index.php\/wp-json\/wp\/v2\/comments?post=39"}],"version-history":[{"count":4,"href":"https:\/\/www.hakojarvi.com\/index.php\/wp-json\/wp\/v2\/pages\/39\/revisions"}],"predecessor-version":[{"id":416,"href":"https:\/\/www.hakojarvi.com\/index.php\/wp-json\/wp\/v2\/pages\/39\/revisions\/416"}],"up":[{"embeddable":true,"href":"https:\/\/www.hakojarvi.com\/index.php\/wp-json\/wp\/v2\/pages\/34"}],"wp:attachment":[{"href":"https:\/\/www.hakojarvi.com\/index.php\/wp-json\/wp\/v2\/media?parent=39"}],"curies":[{"name":"wp","href":"https:\/\/api.w.org\/{rel}","templated":true}]}}