{"id":382,"date":"2022-10-03T08:00:37","date_gmt":"2022-10-03T08:00:37","guid":{"rendered":"https:\/\/www.hakojarvi.com\/?page_id=382"},"modified":"2025-12-04T12:36:24","modified_gmt":"2025-12-04T12:36:24","slug":"paintball-varikuulapeli","status":"publish","type":"page","link":"https:\/\/www.hakojarvi.com\/index.php\/palvelut\/paintball-varikuulapeli\/","title":{"rendered":"Paintball \/ V\u00e4rikuulapeli"},"content":{"rendered":"\n<p>Paintball on vauhdikas ulkoliikuntamuoto, jota on mukava pelata isommallakin porukalla. Se on v\u00e4rikuulapeli, jossa ammutaan merkkaimella v\u00e4rikuulia ja pyrit\u00e4\u00e4n siten &#8221;eliminoimaan&#8221; vastapuolen pelaajat. Hakoj\u00e4rven kyl\u00e4yhdistys on hankkinut vuonna 2022 harrastehankkeen avulla k\u00e4ytt\u00f6\u00f6ns\u00e4 10 merkkainta ammuksineen sek\u00e4 suojavarusteineen. Paintballia p\u00e4\u00e4see pelaamaan joko vuokraamalla v\u00e4lineet omalle porukalleen tai osallistumalla Hakoj\u00e4rven Paintball -kerhon pelikokoontumisiin. Paintball -kerhomaksut ovat: 10 \u20ac\/aikuinen\/kerta ja 5\u20ac\/lapsi\/kerta. Alaik\u00e4rajana kerhossa on pidetty 10 vuotta. Yhden merkkaimen vuokraus omaan k\u00e4ytt\u00f6\u00f6n maksaa 25\u20ac\/kerta sis. 500 kuulaa. <\/p>\n\n\n\n<p>Lis\u00e4tietoja antaa Jere Hautalahti 050 4343797<\/p>\n\n\n\n<figure class=\"wp-block-image size-large\"><img decoding=\"async\" loading=\"lazy\" width=\"1024\" height=\"766\" src=\"https:\/\/www.hakojarvi.com\/wp-content\/uploads\/2022\/10\/paintball-2-1024x766.jpg\" alt=\"\" class=\"wp-image-383\" srcset=\"https:\/\/www.hakojarvi.com\/wp-content\/uploads\/2022\/10\/paintball-2-1024x766.jpg 1024w, https:\/\/www.hakojarvi.com\/wp-content\/uploads\/2022\/10\/paintball-2-300x224.jpg 300w, https:\/\/www.hakojarvi.com\/wp-content\/uploads\/2022\/10\/paintball-2-768x575.jpg 768w, https:\/\/www.hakojarvi.com\/wp-content\/uploads\/2022\/10\/paintball-2.jpg 1080w\" sizes=\"(max-width: 1024px) 100vw, 1024px\" \/><\/figure>\n\n\n\n<p><\/p>\n","protected":false},"excerpt":{"rendered":"<p>Paintball on vauhdikas ulkoliikuntamuoto, jota on mukava pelata isommallakin porukalla. Se on v\u00e4rikuulapeli, jossa ammutaan merkkaimella v\u00e4rikuulia ja pyrit\u00e4\u00e4n siten &#8221;eliminoimaan&#8221; vastapuolen pelaajat. Hakoj\u00e4rven kyl\u00e4yhdistys on hankkinut vuonna 2022 harrastehankkeen avulla k\u00e4ytt\u00f6\u00f6ns\u00e4 10 merkkainta ammuksineen sek\u00e4 suojavarusteineen. Paintballia p\u00e4\u00e4see pelaamaan joko vuokraamalla v\u00e4lineet omalle porukalleen tai osallistumalla Hakoj\u00e4rven Paintball -kerhon pelikokoontumisiin. Paintball -kerhomaksut ovat: 10 &hellip; <\/p>\n<p class=\"link-more\"><a href=\"https:\/\/www.hakojarvi.com\/index.php\/palvelut\/paintball-varikuulapeli\/\" class=\"more-link\">Read more<span class=\"screen-reader-text\"> &#8221;Paintball \/ V\u00e4rikuulapeli&#8221;<\/span><\/a><\/p>\n","protected":false},"author":1,"featured_media":0,"parent":34,"menu_order":7,"comment_status":"closed","ping_status":"closed","template":"","meta":[],"yoast_head":"<!-- This site is optimized with the Yoast SEO plugin v20.3 - https:\/\/yoast.com\/wordpress\/plugins\/seo\/ -->\n<title>Paintball \/ V\u00e4rikuulapeli - Hakoj&auml;rvi<\/title>\n<meta name=\"robots\" content=\"index, follow, max-snippet:-1, max-image-preview:large, max-video-preview:-1\" \/>\n<link rel=\"canonical\" href=\"https:\/\/www.hakojarvi.com\/index.php\/palvelut\/paintball-varikuulapeli\/\" \/>\n<meta property=\"og:locale\" content=\"fi_FI\" \/>\n<meta property=\"og:type\" content=\"article\" \/>\n<meta property=\"og:title\" content=\"Paintball \/ V\u00e4rikuulapeli - Hakoj&auml;rvi\" \/>\n<meta property=\"og:description\" content=\"Paintball on vauhdikas ulkoliikuntamuoto, jota on mukava pelata isommallakin porukalla. Se on v\u00e4rikuulapeli, jossa ammutaan merkkaimella v\u00e4rikuulia ja pyrit\u00e4\u00e4n siten &#8221;eliminoimaan&#8221; vastapuolen pelaajat. Hakoj\u00e4rven kyl\u00e4yhdistys on hankkinut vuonna 2022 harrastehankkeen avulla k\u00e4ytt\u00f6\u00f6ns\u00e4 10 merkkainta ammuksineen sek\u00e4 suojavarusteineen. Paintballia p\u00e4\u00e4see pelaamaan joko vuokraamalla v\u00e4lineet omalle porukalleen tai osallistumalla Hakoj\u00e4rven Paintball -kerhon pelikokoontumisiin. Paintball -kerhomaksut ovat: 10 &hellip; Read more &quot;Paintball \/ V\u00e4rikuulapeli&quot;\" \/>\n<meta property=\"og:url\" content=\"https:\/\/www.hakojarvi.com\/index.php\/palvelut\/paintball-varikuulapeli\/\" \/>\n<meta property=\"og:site_name\" content=\"Hakoj&auml;rvi\" \/>\n<meta property=\"article:modified_time\" content=\"2025-12-04T12:36:24+00:00\" \/>\n<meta property=\"og:image\" content=\"https:\/\/www.hakojarvi.com\/wp-content\/uploads\/2022\/10\/paintball-2-1024x766.jpg\" \/>\n<meta name=\"twitter:card\" content=\"summary_large_image\" \/>\n<meta name=\"twitter:label1\" content=\"Arvioitu lukuaika\" \/>\n\t<meta name=\"twitter:data1\" content=\"1 minuutti\" \/>\n<script type=\"application\/ld+json\" class=\"yoast-schema-graph\">{\"@context\":\"https:\/\/schema.org\",\"@graph\":[{\"@type\":\"WebPage\",\"@id\":\"https:\/\/www.hakojarvi.com\/index.php\/palvelut\/paintball-varikuulapeli\/\",\"url\":\"https:\/\/www.hakojarvi.com\/index.php\/palvelut\/paintball-varikuulapeli\/\",\"name\":\"Paintball \/ V\u00e4rikuulapeli - Hakoj&auml;rvi\",\"isPartOf\":{\"@id\":\"https:\/\/www.hakojarvi.com\/#website\"},\"datePublished\":\"2022-10-03T08:00:37+00:00\",\"dateModified\":\"2025-12-04T12:36:24+00:00\",\"breadcrumb\":{\"@id\":\"https:\/\/www.hakojarvi.com\/index.php\/palvelut\/paintball-varikuulapeli\/#breadcrumb\"},\"inLanguage\":\"fi\",\"potentialAction\":[{\"@type\":\"ReadAction\",\"target\":[\"https:\/\/www.hakojarvi.com\/index.php\/palvelut\/paintball-varikuulapeli\/\"]}]},{\"@type\":\"BreadcrumbList\",\"@id\":\"https:\/\/www.hakojarvi.com\/index.php\/palvelut\/paintball-varikuulapeli\/#breadcrumb\",\"itemListElement\":[{\"@type\":\"ListItem\",\"position\":1,\"name\":\"Etusivu\",\"item\":\"https:\/\/www.hakojarvi.com\/\"},{\"@type\":\"ListItem\",\"position\":2,\"name\":\"Palvelut\",\"item\":\"https:\/\/www.hakojarvi.com\/index.php\/palvelut\/\"},{\"@type\":\"ListItem\",\"position\":3,\"name\":\"Paintball \/ V\u00e4rikuulapeli\"}]},{\"@type\":\"WebSite\",\"@id\":\"https:\/\/www.hakojarvi.com\/#website\",\"url\":\"https:\/\/www.hakojarvi.com\/\",\"name\":\"Hakoj&auml;rvi\",\"description\":\"mulle mukava kyl&auml;\",\"potentialAction\":[{\"@type\":\"SearchAction\",\"target\":{\"@type\":\"EntryPoint\",\"urlTemplate\":\"https:\/\/www.hakojarvi.com\/?s={search_term_string}\"},\"query-input\":\"required name=search_term_string\"}],\"inLanguage\":\"fi\"}]}<\/script>\n<!-- \/ Yoast SEO plugin. -->","yoast_head_json":{"title":"Paintball \/ V\u00e4rikuulapeli - Hakoj&auml;rvi","robots":{"index":"index","follow":"follow","max-snippet":"max-snippet:-1","max-image-preview":"max-image-preview:large","max-video-preview":"max-video-preview:-1"},"canonical":"https:\/\/www.hakojarvi.com\/index.php\/palvelut\/paintball-varikuulapeli\/","og_locale":"fi_FI","og_type":"article","og_title":"Paintball \/ V\u00e4rikuulapeli - Hakoj&auml;rvi","og_description":"Paintball on vauhdikas ulkoliikuntamuoto, jota on mukava pelata isommallakin porukalla. Se on v\u00e4rikuulapeli, jossa ammutaan merkkaimella v\u00e4rikuulia ja pyrit\u00e4\u00e4n siten &#8221;eliminoimaan&#8221; vastapuolen pelaajat. Hakoj\u00e4rven kyl\u00e4yhdistys on hankkinut vuonna 2022 harrastehankkeen avulla k\u00e4ytt\u00f6\u00f6ns\u00e4 10 merkkainta ammuksineen sek\u00e4 suojavarusteineen. Paintballia p\u00e4\u00e4see pelaamaan joko vuokraamalla v\u00e4lineet omalle porukalleen tai osallistumalla Hakoj\u00e4rven Paintball -kerhon pelikokoontumisiin. Paintball -kerhomaksut ovat: 10 &hellip; Read more \"Paintball \/ V\u00e4rikuulapeli\"","og_url":"https:\/\/www.hakojarvi.com\/index.php\/palvelut\/paintball-varikuulapeli\/","og_site_name":"Hakoj&auml;rvi","article_modified_time":"2025-12-04T12:36:24+00:00","og_image":[{"url":"https:\/\/www.hakojarvi.com\/wp-content\/uploads\/2022\/10\/paintball-2-1024x766.jpg"}],"twitter_card":"summary_large_image","twitter_misc":{"Arvioitu lukuaika":"1 minuutti"},"schema":{"@context":"https:\/\/schema.org","@graph":[{"@type":"WebPage","@id":"https:\/\/www.hakojarvi.com\/index.php\/palvelut\/paintball-varikuulapeli\/","url":"https:\/\/www.hakojarvi.com\/index.php\/palvelut\/paintball-varikuulapeli\/","name":"Paintball \/ V\u00e4rikuulapeli - Hakoj&auml;rvi","isPartOf":{"@id":"https:\/\/www.hakojarvi.com\/#website"},"datePublished":"2022-10-03T08:00:37+00:00","dateModified":"2025-12-04T12:36:24+00:00","breadcrumb":{"@id":"https:\/\/www.hakojarvi.com\/index.php\/palvelut\/paintball-varikuulapeli\/#breadcrumb"},"inLanguage":"fi","potentialAction":[{"@type":"ReadAction","target":["https:\/\/www.hakojarvi.com\/index.php\/palvelut\/paintball-varikuulapeli\/"]}]},{"@type":"BreadcrumbList","@id":"https:\/\/www.hakojarvi.com\/index.php\/palvelut\/paintball-varikuulapeli\/#breadcrumb","itemListElement":[{"@type":"ListItem","position":1,"name":"Etusivu","item":"https:\/\/www.hakojarvi.com\/"},{"@type":"ListItem","position":2,"name":"Palvelut","item":"https:\/\/www.hakojarvi.com\/index.php\/palvelut\/"},{"@type":"ListItem","position":3,"name":"Paintball \/ V\u00e4rikuulapeli"}]},{"@type":"WebSite","@id":"https:\/\/www.hakojarvi.com\/#website","url":"https:\/\/www.hakojarvi.com\/","name":"Hakoj&auml;rvi","description":"mulle mukava kyl&auml;","potentialAction":[{"@type":"SearchAction","target":{"@type":"EntryPoint","urlTemplate":"https:\/\/www.hakojarvi.com\/?s={search_term_string}"},"query-input":"required name=search_term_string"}],"inLanguage":"fi"}]}},"_links":{"self":[{"href":"https:\/\/www.hakojarvi.com\/index.php\/wp-json\/wp\/v2\/pages\/382"}],"collection":[{"href":"https:\/\/www.hakojarvi.com\/index.php\/wp-json\/wp\/v2\/pages"}],"about":[{"href":"https:\/\/www.hakojarvi.com\/index.php\/wp-json\/wp\/v2\/types\/page"}],"author":[{"embeddable":true,"href":"https:\/\/www.hakojarvi.com\/index.php\/wp-json\/wp\/v2\/users\/1"}],"replies":[{"embeddable":true,"href":"https:\/\/www.hakojarvi.com\/index.php\/wp-json\/wp\/v2\/comments?post=382"}],"version-history":[{"count":2,"href":"https:\/\/www.hakojarvi.com\/index.php\/wp-json\/wp\/v2\/pages\/382\/revisions"}],"predecessor-version":[{"id":791,"href":"https:\/\/www.hakojarvi.com\/index.php\/wp-json\/wp\/v2\/pages\/382\/revisions\/791"}],"up":[{"embeddable":true,"href":"https:\/\/www.hakojarvi.com\/index.php\/wp-json\/wp\/v2\/pages\/34"}],"wp:attachment":[{"href":"https:\/\/www.hakojarvi.com\/index.php\/wp-json\/wp\/v2\/media?parent=382"}],"curies":[{"name":"wp","href":"https:\/\/api.w.org\/{rel}","templated":true}]}}