{"id":328,"date":"2022-03-30T16:12:58","date_gmt":"2022-03-30T16:12:58","guid":{"rendered":"https:\/\/www.hakojarvi.com\/?page_id=328"},"modified":"2023-04-25T07:02:55","modified_gmt":"2023-04-25T07:02:55","slug":"asuminen","status":"publish","type":"page","link":"https:\/\/www.hakojarvi.com\/index.php\/asuminen\/","title":{"rendered":"Asuminen"},"content":{"rendered":"\n<h2 id=\"block-00fc5d8b-ef12-4f0f-9a8d-1a1ae42f3217\">Suunnitteletko muuttoa Hakoj\u00e4rvelle?<\/h2>\n\n\n\n<p id=\"block-00fc5d8b-ef12-4f0f-9a8d-1a1ae42f3217\">Innostuitko Hakoj\u00e4rvest\u00e4, mahtavaa!<br>Kyl\u00e4lt\u00e4 l\u00f6ytyy sek\u00e4 myyt\u00e4vi\u00e4 asuntoja ett\u00e4 vapaita tontteja. Myyt\u00e4v\u00e4n\u00e4 olevat asunnot sek\u00e4 tontit l\u00f6yd\u00e4t alta linkkien takaa.<\/p>\n\n\n\n<div class=\"is-layout-flex wp-block-buttons\">\n<div class=\"wp-block-button is-style-outline\"><a class=\"wp-block-button__link wp-element-button\" href=\"https:\/\/www.hakojarvi.com\/index.php\/myytavat-asunnot\/\" target=\"_blank\" rel=\"noreferrer noopener\">                                                     asunnot                                                       <\/a><\/div>\n<\/div>\n\n\n\n<p><\/p>\n\n\n\n<div class=\"is-layout-flex wp-block-buttons\">\n<div class=\"wp-block-button is-style-outline\"><a class=\"wp-block-button__link wp-element-button\" href=\"https:\/\/www.hakojarvi.com\/index.php\/palvelut\/asunnot-tontit\/\" target=\"_blank\" rel=\"noreferrer noopener\">                                                       TONTIt                                                           <\/a><\/div>\n<\/div>\n\n\n\n<p><\/p>\n\n\n\n<figure class=\"wp-block-image size-full\"><img decoding=\"async\" loading=\"lazy\" width=\"646\" height=\"788\" src=\"https:\/\/www.hakojarvi.com\/wp-content\/uploads\/2023\/04\/333812248_157560440457250_5526681352518432654_n.jpg\" alt=\"\" class=\"wp-image-468\" srcset=\"https:\/\/www.hakojarvi.com\/wp-content\/uploads\/2023\/04\/333812248_157560440457250_5526681352518432654_n.jpg 646w, https:\/\/www.hakojarvi.com\/wp-content\/uploads\/2023\/04\/333812248_157560440457250_5526681352518432654_n-246x300.jpg 246w\" sizes=\"(max-width: 646px) 100vw, 646px\" \/><\/figure>\n","protected":false},"excerpt":{"rendered":"<p>Suunnitteletko muuttoa Hakoj\u00e4rvelle? Innostuitko Hakoj\u00e4rvest\u00e4, mahtavaa!Kyl\u00e4lt\u00e4 l\u00f6ytyy sek\u00e4 myyt\u00e4vi\u00e4 asuntoja ett\u00e4 vapaita tontteja. Myyt\u00e4v\u00e4n\u00e4 olevat asunnot sek\u00e4 tontit l\u00f6yd\u00e4t alta linkkien takaa.<\/p>\n","protected":false},"author":1,"featured_media":0,"parent":0,"menu_order":0,"comment_status":"closed","ping_status":"closed","template":"","meta":[],"yoast_head":"<!-- This site is optimized with the Yoast SEO plugin v20.3 - https:\/\/yoast.com\/wordpress\/plugins\/seo\/ -->\n<title>Asuminen - Hakoj&auml;rvi<\/title>\n<meta name=\"robots\" content=\"index, follow, max-snippet:-1, max-image-preview:large, max-video-preview:-1\" \/>\n<link rel=\"canonical\" href=\"https:\/\/www.hakojarvi.com\/index.php\/asuminen\/\" \/>\n<meta property=\"og:locale\" content=\"fi_FI\" \/>\n<meta property=\"og:type\" content=\"article\" \/>\n<meta property=\"og:title\" content=\"Asuminen - Hakoj&auml;rvi\" \/>\n<meta property=\"og:description\" content=\"Suunnitteletko muuttoa Hakoj\u00e4rvelle? Innostuitko Hakoj\u00e4rvest\u00e4, mahtavaa!Kyl\u00e4lt\u00e4 l\u00f6ytyy sek\u00e4 myyt\u00e4vi\u00e4 asuntoja ett\u00e4 vapaita tontteja. Myyt\u00e4v\u00e4n\u00e4 olevat asunnot sek\u00e4 tontit l\u00f6yd\u00e4t alta linkkien takaa.\" \/>\n<meta property=\"og:url\" content=\"https:\/\/www.hakojarvi.com\/index.php\/asuminen\/\" \/>\n<meta property=\"og:site_name\" content=\"Hakoj&auml;rvi\" \/>\n<meta property=\"article:modified_time\" content=\"2023-04-25T07:02:55+00:00\" \/>\n<meta property=\"og:image\" content=\"https:\/\/www.hakojarvi.com\/wp-content\/uploads\/2023\/04\/333812248_157560440457250_5526681352518432654_n.jpg\" \/>\n<meta name=\"twitter:card\" content=\"summary_large_image\" \/>\n<meta name=\"twitter:label1\" content=\"Arvioitu lukuaika\" \/>\n\t<meta name=\"twitter:data1\" content=\"1 minuutti\" \/>\n<script type=\"application\/ld+json\" class=\"yoast-schema-graph\">{\"@context\":\"https:\/\/schema.org\",\"@graph\":[{\"@type\":\"WebPage\",\"@id\":\"https:\/\/www.hakojarvi.com\/index.php\/asuminen\/\",\"url\":\"https:\/\/www.hakojarvi.com\/index.php\/asuminen\/\",\"name\":\"Asuminen - Hakoj&auml;rvi\",\"isPartOf\":{\"@id\":\"https:\/\/www.hakojarvi.com\/#website\"},\"datePublished\":\"2022-03-30T16:12:58+00:00\",\"dateModified\":\"2023-04-25T07:02:55+00:00\",\"breadcrumb\":{\"@id\":\"https:\/\/www.hakojarvi.com\/index.php\/asuminen\/#breadcrumb\"},\"inLanguage\":\"fi\",\"potentialAction\":[{\"@type\":\"ReadAction\",\"target\":[\"https:\/\/www.hakojarvi.com\/index.php\/asuminen\/\"]}]},{\"@type\":\"BreadcrumbList\",\"@id\":\"https:\/\/www.hakojarvi.com\/index.php\/asuminen\/#breadcrumb\",\"itemListElement\":[{\"@type\":\"ListItem\",\"position\":1,\"name\":\"Etusivu\",\"item\":\"https:\/\/www.hakojarvi.com\/\"},{\"@type\":\"ListItem\",\"position\":2,\"name\":\"Asuminen\"}]},{\"@type\":\"WebSite\",\"@id\":\"https:\/\/www.hakojarvi.com\/#website\",\"url\":\"https:\/\/www.hakojarvi.com\/\",\"name\":\"Hakoj&auml;rvi\",\"description\":\"mulle mukava kyl&auml;\",\"potentialAction\":[{\"@type\":\"SearchAction\",\"target\":{\"@type\":\"EntryPoint\",\"urlTemplate\":\"https:\/\/www.hakojarvi.com\/?s={search_term_string}\"},\"query-input\":\"required name=search_term_string\"}],\"inLanguage\":\"fi\"}]}<\/script>\n<!-- \/ Yoast SEO plugin. -->","yoast_head_json":{"title":"Asuminen - Hakoj&auml;rvi","robots":{"index":"index","follow":"follow","max-snippet":"max-snippet:-1","max-image-preview":"max-image-preview:large","max-video-preview":"max-video-preview:-1"},"canonical":"https:\/\/www.hakojarvi.com\/index.php\/asuminen\/","og_locale":"fi_FI","og_type":"article","og_title":"Asuminen - Hakoj&auml;rvi","og_description":"Suunnitteletko muuttoa Hakoj\u00e4rvelle? Innostuitko Hakoj\u00e4rvest\u00e4, mahtavaa!Kyl\u00e4lt\u00e4 l\u00f6ytyy sek\u00e4 myyt\u00e4vi\u00e4 asuntoja ett\u00e4 vapaita tontteja. Myyt\u00e4v\u00e4n\u00e4 olevat asunnot sek\u00e4 tontit l\u00f6yd\u00e4t alta linkkien takaa.","og_url":"https:\/\/www.hakojarvi.com\/index.php\/asuminen\/","og_site_name":"Hakoj&auml;rvi","article_modified_time":"2023-04-25T07:02:55+00:00","og_image":[{"url":"https:\/\/www.hakojarvi.com\/wp-content\/uploads\/2023\/04\/333812248_157560440457250_5526681352518432654_n.jpg"}],"twitter_card":"summary_large_image","twitter_misc":{"Arvioitu lukuaika":"1 minuutti"},"schema":{"@context":"https:\/\/schema.org","@graph":[{"@type":"WebPage","@id":"https:\/\/www.hakojarvi.com\/index.php\/asuminen\/","url":"https:\/\/www.hakojarvi.com\/index.php\/asuminen\/","name":"Asuminen - Hakoj&auml;rvi","isPartOf":{"@id":"https:\/\/www.hakojarvi.com\/#website"},"datePublished":"2022-03-30T16:12:58+00:00","dateModified":"2023-04-25T07:02:55+00:00","breadcrumb":{"@id":"https:\/\/www.hakojarvi.com\/index.php\/asuminen\/#breadcrumb"},"inLanguage":"fi","potentialAction":[{"@type":"ReadAction","target":["https:\/\/www.hakojarvi.com\/index.php\/asuminen\/"]}]},{"@type":"BreadcrumbList","@id":"https:\/\/www.hakojarvi.com\/index.php\/asuminen\/#breadcrumb","itemListElement":[{"@type":"ListItem","position":1,"name":"Etusivu","item":"https:\/\/www.hakojarvi.com\/"},{"@type":"ListItem","position":2,"name":"Asuminen"}]},{"@type":"WebSite","@id":"https:\/\/www.hakojarvi.com\/#website","url":"https:\/\/www.hakojarvi.com\/","name":"Hakoj&auml;rvi","description":"mulle mukava kyl&auml;","potentialAction":[{"@type":"SearchAction","target":{"@type":"EntryPoint","urlTemplate":"https:\/\/www.hakojarvi.com\/?s={search_term_string}"},"query-input":"required name=search_term_string"}],"inLanguage":"fi"}]}},"_links":{"self":[{"href":"https:\/\/www.hakojarvi.com\/index.php\/wp-json\/wp\/v2\/pages\/328"}],"collection":[{"href":"https:\/\/www.hakojarvi.com\/index.php\/wp-json\/wp\/v2\/pages"}],"about":[{"href":"https:\/\/www.hakojarvi.com\/index.php\/wp-json\/wp\/v2\/types\/page"}],"author":[{"embeddable":true,"href":"https:\/\/www.hakojarvi.com\/index.php\/wp-json\/wp\/v2\/users\/1"}],"replies":[{"embeddable":true,"href":"https:\/\/www.hakojarvi.com\/index.php\/wp-json\/wp\/v2\/comments?post=328"}],"version-history":[{"count":4,"href":"https:\/\/www.hakojarvi.com\/index.php\/wp-json\/wp\/v2\/pages\/328\/revisions"}],"predecessor-version":[{"id":469,"href":"https:\/\/www.hakojarvi.com\/index.php\/wp-json\/wp\/v2\/pages\/328\/revisions\/469"}],"wp:attachment":[{"href":"https:\/\/www.hakojarvi.com\/index.php\/wp-json\/wp\/v2\/media?parent=328"}],"curies":[{"name":"wp","href":"https:\/\/api.w.org\/{rel}","templated":true}]}}