{"id":23,"date":"2021-12-12T08:51:46","date_gmt":"2021-12-12T08:51:46","guid":{"rendered":"https:\/\/www.hakojarvi.com\/?page_id=23"},"modified":"2026-04-10T06:18:59","modified_gmt":"2026-04-10T06:18:59","slug":"kylayhdistys","status":"publish","type":"page","link":"https:\/\/www.hakojarvi.com\/index.php\/tietoa-kylasta\/kylayhdistys\/","title":{"rendered":"Hakoj\u00e4rven kyl\u00e4yhdistys"},"content":{"rendered":"\n<p>Hakoj\u00e4rven kyl\u00e4yhdistys on toiminut rekister\u00f6ityn\u00e4 yhdistyksen\u00e4 vuodesta 1995. Toiminta alkoi jo vuosia t\u00e4t\u00e4 ennen ep\u00e4virallisemman kyl\u00e4toimikunnan muodossa. Yhdistyksen toiminnan tarkoituksena on sen s\u00e4\u00e4nt\u00f6jen mukaan kyl\u00e4n asukkaiden elinmahdollisuuksiaan ja yleisen hyvinvoinnin edist\u00e4minen. Yhdistys edist\u00e4\u00e4 kyl\u00e4n asukkaiden harrastus- ja kulttuuritoimintaa, yhteisty\u00f6t\u00e4 ja omatoimisuutta.<\/p>\n\n\n\n<p>Yhteisty\u00f6st\u00e4 tehd\u00e4\u00e4n kunnan ja muiden kylien kanssa. Kyl\u00e4yhdistyksen teht\u00e4viin kuuluu my\u00f6s olla asukkaiden etuj\u00e4rjest\u00f6n\u00e4, ja osallistua aluetta koskevaan suunnitteluun, sek\u00e4 vaikuttamaan p\u00e4\u00e4t\u00f6ksentekoon eri organisaatioissa. Lis\u00e4ksi kyl\u00e4yhdistys tekee aloitteita ja esityksi\u00e4 sek\u00e4 antaa lausuntoja viranomaisille. Yhdistyksen k\u00e4yt\u00e4nn\u00f6nasioita hoitaa johtokunta, johon kuuluu vuosikokouksessa valitut puheenjohtaja sek\u00e4 6-14 muuta j\u00e4sent\u00e4.<\/p>\n\n\n\n<p>Hakoj\u00e4rven kyl\u00e4yhdistyksen yhteystiedot<\/p>\n\n\n\n<p>Hakoj\u00e4rven kyl\u00e4yhdistys ry<br>Hakolantie 12<br>63680 Hakoj\u00e4rvi<\/p>\n\n\n\n<h3>Puheenjohtaja:<\/h3>\n\n\n\n<p>Ari Hakola<br>puh. 045 1246995<br>ari.hakola@gmail.com<\/p>\n\n\n\n<h3>Sihteeri:<\/h3>\n\n\n\n<p>Helena Kahre<br>puh. 040 7338 100<\/p>\n\n\n\n<h2>Hallituksen j\u00e4senet 2026<\/h2>\n\n\n\n<div class=\"is-layout-constrained wp-block-group\"><div class=\"wp-block-group__inner-container\">\n<div class=\"is-layout-constrained wp-block-group\"><div class=\"wp-block-group__inner-container\">\n<div class=\"is-layout-constrained wp-block-group\"><div class=\"wp-block-group__inner-container\">\n<p>Juhani Haaparanta, Ari Hakola pj., Jere Hautalahti, Anne Hiipakka, Marjo Hirvel\u00e4 varapj., Helena Kahre siht., Harri Kleimola, Susanne Lehtisaari, Kimmo Lehtom\u00e4ki, Mikko M\u00e4kiranta, Timo Rinta-aho<\/p>\n<\/div><\/div>\n<\/div><\/div>\n<\/div><\/div>\n\n\n\n<h2>J\u00e4senmaksu 2026<\/h2>\n\n\n\n<p>J\u00e4sen 20\u20ac \/ Kannatusj\u00e4sen 20\u20ac<\/p>\n\n\n\n<p>J\u00e4senmaksun voi suorittaa kyl\u00e4yhdistyksen tileille:<br>Saaja : Hakoj\u00e4rven kyl\u00e4yhdistys ry<\/p>\n\n\n\n<p>OP FI72 5485 0220 0000 72<br>OmaSP FI45 4108 0011 1900 74<\/p>\n\n\n\n<figure class=\"wp-block-image size-large\"><img decoding=\"async\" loading=\"lazy\" width=\"683\" height=\"1024\" src=\"https:\/\/www.hakojarvi.com\/wp-content\/uploads\/2026\/04\/DSC0081-683x1024.jpg\" alt=\"\" class=\"wp-image-873\" srcset=\"https:\/\/www.hakojarvi.com\/wp-content\/uploads\/2026\/04\/DSC0081-683x1024.jpg 683w, https:\/\/www.hakojarvi.com\/wp-content\/uploads\/2026\/04\/DSC0081-200x300.jpg 200w, https:\/\/www.hakojarvi.com\/wp-content\/uploads\/2026\/04\/DSC0081-768x1151.jpg 768w, https:\/\/www.hakojarvi.com\/wp-content\/uploads\/2026\/04\/DSC0081-1025x1536.jpg 1025w, https:\/\/www.hakojarvi.com\/wp-content\/uploads\/2026\/04\/DSC0081-1367x2048.jpg 1367w, https:\/\/www.hakojarvi.com\/wp-content\/uploads\/2026\/04\/DSC0081-2000x2997.jpg 2000w, https:\/\/www.hakojarvi.com\/wp-content\/uploads\/2026\/04\/DSC0081-scaled.jpg 1708w\" sizes=\"(max-width: 683px) 100vw, 683px\" \/><\/figure>\n","protected":false},"excerpt":{"rendered":"<p>Hakoj\u00e4rven kyl\u00e4yhdistys on toiminut rekister\u00f6ityn\u00e4 yhdistyksen\u00e4 vuodesta 1995. Toiminta alkoi jo vuosia t\u00e4t\u00e4 ennen ep\u00e4virallisemman kyl\u00e4toimikunnan muodossa. Yhdistyksen toiminnan tarkoituksena on sen s\u00e4\u00e4nt\u00f6jen mukaan kyl\u00e4n asukkaiden elinmahdollisuuksiaan ja yleisen hyvinvoinnin edist\u00e4minen. Yhdistys edist\u00e4\u00e4 kyl\u00e4n asukkaiden harrastus- ja kulttuuritoimintaa, yhteisty\u00f6t\u00e4 ja omatoimisuutta. Yhteisty\u00f6st\u00e4 tehd\u00e4\u00e4n kunnan ja muiden kylien kanssa. Kyl\u00e4yhdistyksen teht\u00e4viin kuuluu my\u00f6s olla asukkaiden etuj\u00e4rjest\u00f6n\u00e4, &hellip; <\/p>\n<p class=\"link-more\"><a href=\"https:\/\/www.hakojarvi.com\/index.php\/tietoa-kylasta\/kylayhdistys\/\" class=\"more-link\">Read more<span class=\"screen-reader-text\"> &#8221;Hakoj\u00e4rven kyl\u00e4yhdistys&#8221;<\/span><\/a><\/p>\n","protected":false},"author":1,"featured_media":0,"parent":10,"menu_order":0,"comment_status":"closed","ping_status":"closed","template":"","meta":[],"yoast_head":"<!-- This site is optimized with the Yoast SEO plugin v20.3 - https:\/\/yoast.com\/wordpress\/plugins\/seo\/ -->\n<title>Hakoj\u00e4rven kyl\u00e4yhdistys - Hakoj&auml;rvi<\/title>\n<meta name=\"description\" content=\"Hakoj\u00e4rven kyl\u00e4yhdistys on toiminut rekister\u00f6ityn\u00e4 yhdistyksen\u00e4 vuodesta 1995. Toiminta alkoi jo vuosia t\u00e4t\u00e4 ennen ep\u00e4virallisemman kyl\u00e4toimikunnan muodossa. Yhdistyksen toiminnan tarkoituksena on sen s\u00e4\u00e4nt\u00f6jen mukaan kyl\u00e4n asukkaiden elinmahdollisuuksiaan ja yleisen hyvinvoinnin edist\u00e4minen. Yhdistys edist\u00e4\u00e4 kyl\u00e4n asukkaiden harrastus- ja kulttuuritoimintaa, yhteisty\u00f6t\u00e4 ja omatoimisuutta.\" \/>\n<meta name=\"robots\" content=\"index, follow, max-snippet:-1, max-image-preview:large, max-video-preview:-1\" \/>\n<link rel=\"canonical\" href=\"https:\/\/www.hakojarvi.com\/index.php\/tietoa-kylasta\/kylayhdistys\/\" \/>\n<meta property=\"og:locale\" content=\"fi_FI\" \/>\n<meta property=\"og:type\" content=\"article\" \/>\n<meta property=\"og:title\" content=\"Hakoj\u00e4rven kyl\u00e4yhdistys - Hakoj&auml;rvi\" \/>\n<meta property=\"og:description\" content=\"Hakoj\u00e4rven kyl\u00e4yhdistys on toiminut rekister\u00f6ityn\u00e4 yhdistyksen\u00e4 vuodesta 1995. Toiminta alkoi jo vuosia t\u00e4t\u00e4 ennen ep\u00e4virallisemman kyl\u00e4toimikunnan muodossa. Yhdistyksen toiminnan tarkoituksena on sen s\u00e4\u00e4nt\u00f6jen mukaan kyl\u00e4n asukkaiden elinmahdollisuuksiaan ja yleisen hyvinvoinnin edist\u00e4minen. Yhdistys edist\u00e4\u00e4 kyl\u00e4n asukkaiden harrastus- ja kulttuuritoimintaa, yhteisty\u00f6t\u00e4 ja omatoimisuutta.\" \/>\n<meta property=\"og:url\" content=\"https:\/\/www.hakojarvi.com\/index.php\/tietoa-kylasta\/kylayhdistys\/\" \/>\n<meta property=\"og:site_name\" content=\"Hakoj&auml;rvi\" \/>\n<meta property=\"article:modified_time\" content=\"2026-04-10T06:18:59+00:00\" \/>\n<meta property=\"og:image\" content=\"https:\/\/www.hakojarvi.com\/wp-content\/uploads\/2026\/04\/DSC0081-683x1024.jpg\" \/>\n<meta name=\"twitter:card\" content=\"summary_large_image\" \/>\n<meta name=\"twitter:label1\" content=\"Arvioitu lukuaika\" \/>\n\t<meta name=\"twitter:data1\" content=\"2 minuuttia\" \/>\n<script type=\"application\/ld+json\" class=\"yoast-schema-graph\">{\"@context\":\"https:\/\/schema.org\",\"@graph\":[{\"@type\":\"WebPage\",\"@id\":\"https:\/\/www.hakojarvi.com\/index.php\/tietoa-kylasta\/kylayhdistys\/\",\"url\":\"https:\/\/www.hakojarvi.com\/index.php\/tietoa-kylasta\/kylayhdistys\/\",\"name\":\"Hakoj\u00e4rven kyl\u00e4yhdistys - Hakoj&auml;rvi\",\"isPartOf\":{\"@id\":\"https:\/\/www.hakojarvi.com\/#website\"},\"datePublished\":\"2021-12-12T08:51:46+00:00\",\"dateModified\":\"2026-04-10T06:18:59+00:00\",\"description\":\"Hakoj\u00e4rven kyl\u00e4yhdistys on toiminut rekister\u00f6ityn\u00e4 yhdistyksen\u00e4 vuodesta 1995. Toiminta alkoi jo vuosia t\u00e4t\u00e4 ennen ep\u00e4virallisemman kyl\u00e4toimikunnan muodossa. Yhdistyksen toiminnan tarkoituksena on sen s\u00e4\u00e4nt\u00f6jen mukaan kyl\u00e4n asukkaiden elinmahdollisuuksiaan ja yleisen hyvinvoinnin edist\u00e4minen. Yhdistys edist\u00e4\u00e4 kyl\u00e4n asukkaiden harrastus- ja kulttuuritoimintaa, yhteisty\u00f6t\u00e4 ja omatoimisuutta.\",\"breadcrumb\":{\"@id\":\"https:\/\/www.hakojarvi.com\/index.php\/tietoa-kylasta\/kylayhdistys\/#breadcrumb\"},\"inLanguage\":\"fi\",\"potentialAction\":[{\"@type\":\"ReadAction\",\"target\":[\"https:\/\/www.hakojarvi.com\/index.php\/tietoa-kylasta\/kylayhdistys\/\"]}]},{\"@type\":\"BreadcrumbList\",\"@id\":\"https:\/\/www.hakojarvi.com\/index.php\/tietoa-kylasta\/kylayhdistys\/#breadcrumb\",\"itemListElement\":[{\"@type\":\"ListItem\",\"position\":1,\"name\":\"Etusivu\",\"item\":\"https:\/\/www.hakojarvi.com\/\"},{\"@type\":\"ListItem\",\"position\":2,\"name\":\"Tietoa kyl\u00e4st\u00e4\",\"item\":\"https:\/\/www.hakojarvi.com\/index.php\/tietoa-kylasta\/\"},{\"@type\":\"ListItem\",\"position\":3,\"name\":\"Hakoj\u00e4rven kyl\u00e4yhdistys\"}]},{\"@type\":\"WebSite\",\"@id\":\"https:\/\/www.hakojarvi.com\/#website\",\"url\":\"https:\/\/www.hakojarvi.com\/\",\"name\":\"Hakoj&auml;rvi\",\"description\":\"mulle mukava kyl&auml;\",\"potentialAction\":[{\"@type\":\"SearchAction\",\"target\":{\"@type\":\"EntryPoint\",\"urlTemplate\":\"https:\/\/www.hakojarvi.com\/?s={search_term_string}\"},\"query-input\":\"required name=search_term_string\"}],\"inLanguage\":\"fi\"}]}<\/script>\n<!-- \/ Yoast SEO plugin. -->","yoast_head_json":{"title":"Hakoj\u00e4rven kyl\u00e4yhdistys - Hakoj&auml;rvi","description":"Hakoj\u00e4rven kyl\u00e4yhdistys on toiminut rekister\u00f6ityn\u00e4 yhdistyksen\u00e4 vuodesta 1995. Toiminta alkoi jo vuosia t\u00e4t\u00e4 ennen ep\u00e4virallisemman kyl\u00e4toimikunnan muodossa. Yhdistyksen toiminnan tarkoituksena on sen s\u00e4\u00e4nt\u00f6jen mukaan kyl\u00e4n asukkaiden elinmahdollisuuksiaan ja yleisen hyvinvoinnin edist\u00e4minen. Yhdistys edist\u00e4\u00e4 kyl\u00e4n asukkaiden harrastus- ja kulttuuritoimintaa, yhteisty\u00f6t\u00e4 ja omatoimisuutta.","robots":{"index":"index","follow":"follow","max-snippet":"max-snippet:-1","max-image-preview":"max-image-preview:large","max-video-preview":"max-video-preview:-1"},"canonical":"https:\/\/www.hakojarvi.com\/index.php\/tietoa-kylasta\/kylayhdistys\/","og_locale":"fi_FI","og_type":"article","og_title":"Hakoj\u00e4rven kyl\u00e4yhdistys - Hakoj&auml;rvi","og_description":"Hakoj\u00e4rven kyl\u00e4yhdistys on toiminut rekister\u00f6ityn\u00e4 yhdistyksen\u00e4 vuodesta 1995. Toiminta alkoi jo vuosia t\u00e4t\u00e4 ennen ep\u00e4virallisemman kyl\u00e4toimikunnan muodossa. Yhdistyksen toiminnan tarkoituksena on sen s\u00e4\u00e4nt\u00f6jen mukaan kyl\u00e4n asukkaiden elinmahdollisuuksiaan ja yleisen hyvinvoinnin edist\u00e4minen. Yhdistys edist\u00e4\u00e4 kyl\u00e4n asukkaiden harrastus- ja kulttuuritoimintaa, yhteisty\u00f6t\u00e4 ja omatoimisuutta.","og_url":"https:\/\/www.hakojarvi.com\/index.php\/tietoa-kylasta\/kylayhdistys\/","og_site_name":"Hakoj&auml;rvi","article_modified_time":"2026-04-10T06:18:59+00:00","og_image":[{"url":"https:\/\/www.hakojarvi.com\/wp-content\/uploads\/2026\/04\/DSC0081-683x1024.jpg"}],"twitter_card":"summary_large_image","twitter_misc":{"Arvioitu lukuaika":"2 minuuttia"},"schema":{"@context":"https:\/\/schema.org","@graph":[{"@type":"WebPage","@id":"https:\/\/www.hakojarvi.com\/index.php\/tietoa-kylasta\/kylayhdistys\/","url":"https:\/\/www.hakojarvi.com\/index.php\/tietoa-kylasta\/kylayhdistys\/","name":"Hakoj\u00e4rven kyl\u00e4yhdistys - Hakoj&auml;rvi","isPartOf":{"@id":"https:\/\/www.hakojarvi.com\/#website"},"datePublished":"2021-12-12T08:51:46+00:00","dateModified":"2026-04-10T06:18:59+00:00","description":"Hakoj\u00e4rven kyl\u00e4yhdistys on toiminut rekister\u00f6ityn\u00e4 yhdistyksen\u00e4 vuodesta 1995. Toiminta alkoi jo vuosia t\u00e4t\u00e4 ennen ep\u00e4virallisemman kyl\u00e4toimikunnan muodossa. Yhdistyksen toiminnan tarkoituksena on sen s\u00e4\u00e4nt\u00f6jen mukaan kyl\u00e4n asukkaiden elinmahdollisuuksiaan ja yleisen hyvinvoinnin edist\u00e4minen. Yhdistys edist\u00e4\u00e4 kyl\u00e4n asukkaiden harrastus- ja kulttuuritoimintaa, yhteisty\u00f6t\u00e4 ja omatoimisuutta.","breadcrumb":{"@id":"https:\/\/www.hakojarvi.com\/index.php\/tietoa-kylasta\/kylayhdistys\/#breadcrumb"},"inLanguage":"fi","potentialAction":[{"@type":"ReadAction","target":["https:\/\/www.hakojarvi.com\/index.php\/tietoa-kylasta\/kylayhdistys\/"]}]},{"@type":"BreadcrumbList","@id":"https:\/\/www.hakojarvi.com\/index.php\/tietoa-kylasta\/kylayhdistys\/#breadcrumb","itemListElement":[{"@type":"ListItem","position":1,"name":"Etusivu","item":"https:\/\/www.hakojarvi.com\/"},{"@type":"ListItem","position":2,"name":"Tietoa kyl\u00e4st\u00e4","item":"https:\/\/www.hakojarvi.com\/index.php\/tietoa-kylasta\/"},{"@type":"ListItem","position":3,"name":"Hakoj\u00e4rven kyl\u00e4yhdistys"}]},{"@type":"WebSite","@id":"https:\/\/www.hakojarvi.com\/#website","url":"https:\/\/www.hakojarvi.com\/","name":"Hakoj&auml;rvi","description":"mulle mukava kyl&auml;","potentialAction":[{"@type":"SearchAction","target":{"@type":"EntryPoint","urlTemplate":"https:\/\/www.hakojarvi.com\/?s={search_term_string}"},"query-input":"required name=search_term_string"}],"inLanguage":"fi"}]}},"_links":{"self":[{"href":"https:\/\/www.hakojarvi.com\/index.php\/wp-json\/wp\/v2\/pages\/23"}],"collection":[{"href":"https:\/\/www.hakojarvi.com\/index.php\/wp-json\/wp\/v2\/pages"}],"about":[{"href":"https:\/\/www.hakojarvi.com\/index.php\/wp-json\/wp\/v2\/types\/page"}],"author":[{"embeddable":true,"href":"https:\/\/www.hakojarvi.com\/index.php\/wp-json\/wp\/v2\/users\/1"}],"replies":[{"embeddable":true,"href":"https:\/\/www.hakojarvi.com\/index.php\/wp-json\/wp\/v2\/comments?post=23"}],"version-history":[{"count":12,"href":"https:\/\/www.hakojarvi.com\/index.php\/wp-json\/wp\/v2\/pages\/23\/revisions"}],"predecessor-version":[{"id":876,"href":"https:\/\/www.hakojarvi.com\/index.php\/wp-json\/wp\/v2\/pages\/23\/revisions\/876"}],"up":[{"embeddable":true,"href":"https:\/\/www.hakojarvi.com\/index.php\/wp-json\/wp\/v2\/pages\/10"}],"wp:attachment":[{"href":"https:\/\/www.hakojarvi.com\/index.php\/wp-json\/wp\/v2\/media?parent=23"}],"curies":[{"name":"wp","href":"https:\/\/api.w.org\/{rel}","templated":true}]}}