{"id":18,"date":"2021-12-12T08:25:57","date_gmt":"2021-12-12T08:25:57","guid":{"rendered":"https:\/\/www.hakojarvi.com\/?page_id=18"},"modified":"2026-04-13T14:38:34","modified_gmt":"2026-04-13T14:38:34","slug":"yritykset","status":"publish","type":"page","link":"https:\/\/www.hakojarvi.com\/index.php\/yritykset\/","title":{"rendered":"Yritykset"},"content":{"rendered":"\n<h1 id=\"hakojarvella-toimivat-yritykset\">Hakoj\u00e4rvell\u00e4 toimivat yritykset<\/h1>\n\n\n\n<p><strong>Automaalaus T:mi Jari Myllyaho<\/strong><br>Jouttim\u00e4entie 99<br>63680 Hakoj\u00e4rvi<br>Gsm: 0400 930 271<br>Fax: 06 5148 660<br>Autojen huolto ja korjaus, kolarikorjaukset.<\/p>\n\n\n\n<p><strong>Erkki Tiensuu Ky<\/strong><br>Hiipakantie 18<br>63680 Hakoj\u00e4rvi<br>Puh: 050 056 1177 \/ 041 318 7835<br>R\u00e4yst\u00e4skourut, rakennuspeltity\u00f6t, kattoturvallisuustuotteet, k\u00e4ytettyjen autojen myynti.<\/p>\n\n\n\n<p><strong>Hautalahden Koneurakointi<\/strong><br>Jere Hautalahti<br>Gsm: 050 434 3797<br>Kaivinkonety\u00f6t<\/p>\n\n\n\n<p><strong>Huvilaveist\u00e4m\u00f6 K. Lehtom\u00e4ki<\/strong><br>Lehtom\u00e4entie 391<br>63680 Hakoj\u00e4rvi<br>Gsm: 050 569 0099<br>S\u00e4hk\u00f6posti:\u00a0<a href=\"mailto:kimmo.lehtomaki@hirsipuu.fi\" target=\"_blank\" rel=\"noreferrer noopener\">kimmo.lehtomaki@hirsipuu.fi<\/a><br>Kotisivu:\u00a0<a href=\"http:\/\/www.hirsipuu.fi\/\" target=\"_blank\" rel=\"noreferrer noopener\">http:\/\/www.hirsipuu.fi\/<\/a><br>Hirsirakentaminen, rakennusurakointi.<\/p>\n\n\n\n<p><strong>Kahvila ja J\u00e4tski<\/strong><\/p>\n\n\n\n<p class=\"has-text-align-left\">\u00c4ht\u00e4rintie 585<\/p>\n\n\n\n<p class=\"has-text-align-left\">63680 Hakoj\u00e4rvi<\/p>\n\n\n\n<p class=\"has-text-align-left\">Puh: 0443062148<\/p>\n\n\n\n<p><strong>Kengityspalvelu Mikko Haapa-aho<\/strong><\/p>\n\n\n\n<p><strong>Laulaja Jukka T:mi<\/strong><br>\u00c4ht\u00e4rintie 352b<br>63680 Hakoj\u00e4rvi<br>Gsm: 0400 872 074<br>Kotisivu:&nbsp;<a href=\"http:\/\/www.tmijukkalaulaja.japo.fi\/\" target=\"_blank\" rel=\"noreferrer noopener\">http:\/\/www.tmijukkalaulaja.japo.fi\/<\/a><br>Autojen ruostesuojaus, Traktoreiden nostolaitesovitteiset pikakiinnikkeet, moottoripy\u00f6rien per\u00e4k\u00e4rryt.<\/p>\n\n\n\n<p><strong>Lavila Klaus Ky<\/strong><br>Lehtom\u00e4entie 44<br>63680 Hakoj\u00e4rvi<br>Puh: 06 514 8571<br>Fax: 06 514 8570<br>Luomusiemenet ja -tarvikkeet, kivijauheet, luomuviljelyneuvonta<\/p>\n\n\n\n<p><strong>LVISOS OY<\/strong><br>Puh: 040 7091300<br>S\u00e4hk\u00f6posti: pekka.valiaho@gmail.com<br><a href=\"http:\/\/www.lvisos.fi\" target=\"_blank\" rel=\"noreferrer noopener\">www.lvisos.fi<\/a><br>Lvi asennukset ja huoltopalvelut<\/p>\n\n\n\n<p><strong>Nuohous ja Ilmastointipuhdistus Antti Kuivasm\u00e4ki Ky<\/strong><br>Kuivasm\u00e4entie 59<br>63680 Hakoj\u00e4rvi<br>Gsm: 0400 667 432<br>Nuohouspalvelut, ilmastointipuhdistus&nbsp;<\/p>\n\n\n\n<p><strong>Ratsutalli Haavisto<\/strong><\/p>\n\n\n\n<p>Kuitintie 30<\/p>\n\n\n\n<p>63680 Hakoj\u00e4rvi<\/p>\n\n\n\n<p>Puh: 0407678572<\/p>\n\n\n\n<p><a href=\"https:\/\/ratsutallihaavisto.fi\" target=\"_blank\" rel=\"noreferrer noopener\">https:\/\/ratsutallihaavisto.fi<\/a> <\/p>\n\n\n\n<p><strong>Road Block Oy<\/strong><\/p>\n\n\n\n<p>Lamminahontie 42<\/p>\n\n\n\n<p>63680 Hakoj\u00e4rvi<\/p>\n\n\n\n<p>Puh: 040 484 8612<\/p>\n\n\n\n<p>Maanrakennus ja maansiirto<\/p>\n\n\n\n<p><strong>Sinin Ponitalli<\/strong><br>Puh: 040 415 7641<br>S\u00e4hk\u00f6posti: situ.hakola@gmail.com<br>Idyllinen pieni viiden hevosen talli. Ratsastustuntitoimintaa ja karsinapaikkoja t\u00e4ysihoidolla.<br>Facebook: <a href=\"https:\/\/www.facebook.com\/sininponitalli\">Sinin Ponitalli<\/a><br>Instagram: <a href=\"https:\/\/www.instagram.com\/sininponitalli\/\">@sininponitalli<\/a><\/p>\n\n\n\n<p><strong>T:mi LuoMusa, T:mi Harjun Talo<\/strong><br>Lehtom\u00e4entie 44<br>63680 Hakoj\u00e4rvi<br>Puh: 06 514 8571<br>Fax: 06 514 8570<br>S\u00e4hk\u00f6posti:&nbsp;<a href=\"mailto:lasu@luomusa.fi\" target=\"_blank\" rel=\"noreferrer noopener\">lasu@luomusa.fi<\/a><br>Kotisivu:&nbsp;<a href=\"http:\/\/www.luomusa.fi\/\" target=\"_blank\" rel=\"noreferrer noopener\">http:\/\/www.luomusa.fi<\/a><br>Luomuviljely, LuoMusa-tapahtuma<\/p>\n\n\n\n<p><strong>Yhti\u00f6n Konekorjaamo T:mi Henri Yhti\u00f6<\/strong><br>Yhti\u00f6ntie 222<br>63680 Hakoj\u00e4rvi<br>Gsm: 044 3053435<br>Maa- ja mets\u00e4talouskoneiden korjaus ja huolto<\/p>\n\n\n\n<p>L\u00e4hde:&nbsp;<a href=\"http:\/\/yrityshakemisto.kuusiokunnat.fi\/\" target=\"_blank\" rel=\"noreferrer noopener\">Kuusiokuntien yritysrekisteri (linkki) ja internet sek\u00e4 tiedoksiannot.<\/a><\/p>\n\n\n\n<p>Ilmoitathan, mik\u00e4li yrityksesi tiedot ovat muuttuneet tai yrityst\u00e4si ei l\u00f6ydy listasta, kiitos.<br>hakojarvikyla@gmail.com<\/p>\n","protected":false},"excerpt":{"rendered":"<p>Hakoj\u00e4rvell\u00e4 toimivat yritykset Automaalaus T:mi Jari MyllyahoJouttim\u00e4entie 9963680 Hakoj\u00e4rviGsm: 0400 930 271Fax: 06 5148 660Autojen huolto ja korjaus, kolarikorjaukset. Erkki Tiensuu KyHiipakantie 1863680 Hakoj\u00e4rviPuh: 050 056 1177 \/ 041 318 7835R\u00e4yst\u00e4skourut, rakennuspeltity\u00f6t, kattoturvallisuustuotteet, k\u00e4ytettyjen autojen myynti. Hautalahden KoneurakointiJere HautalahtiGsm: 050 434 3797Kaivinkonety\u00f6t Huvilaveist\u00e4m\u00f6 K. Lehtom\u00e4kiLehtom\u00e4entie 39163680 Hakoj\u00e4rviGsm: 050 569 0099S\u00e4hk\u00f6posti:\u00a0kimmo.lehtomaki@hirsipuu.fiKotisivu:\u00a0http:\/\/www.hirsipuu.fi\/Hirsirakentaminen, rakennusurakointi. Kahvila ja J\u00e4tski \u00c4ht\u00e4rintie &hellip; <\/p>\n<p class=\"link-more\"><a href=\"https:\/\/www.hakojarvi.com\/index.php\/yritykset\/\" class=\"more-link\">Read more<span class=\"screen-reader-text\"> &#8221;Yritykset&#8221;<\/span><\/a><\/p>\n","protected":false},"author":1,"featured_media":0,"parent":0,"menu_order":0,"comment_status":"closed","ping_status":"closed","template":"","meta":[],"yoast_head":"<!-- This site is optimized with the Yoast SEO plugin v20.3 - https:\/\/yoast.com\/wordpress\/plugins\/seo\/ -->\n<title>Yritykset - Hakoj&auml;rvi<\/title>\n<meta name=\"robots\" content=\"index, follow, max-snippet:-1, max-image-preview:large, max-video-preview:-1\" \/>\n<link rel=\"canonical\" href=\"https:\/\/www.hakojarvi.com\/index.php\/yritykset\/\" \/>\n<meta property=\"og:locale\" content=\"fi_FI\" \/>\n<meta property=\"og:type\" content=\"article\" \/>\n<meta property=\"og:title\" content=\"Yritykset - Hakoj&auml;rvi\" \/>\n<meta property=\"og:description\" content=\"Hakoj\u00e4rvell\u00e4 toimivat yritykset Automaalaus T:mi Jari MyllyahoJouttim\u00e4entie 9963680 Hakoj\u00e4rviGsm: 0400 930 271Fax: 06 5148 660Autojen huolto ja korjaus, kolarikorjaukset. Erkki Tiensuu KyHiipakantie 1863680 Hakoj\u00e4rviPuh: 050 056 1177 \/ 041 318 7835R\u00e4yst\u00e4skourut, rakennuspeltity\u00f6t, kattoturvallisuustuotteet, k\u00e4ytettyjen autojen myynti. Hautalahden KoneurakointiJere HautalahtiGsm: 050 434 3797Kaivinkonety\u00f6t Huvilaveist\u00e4m\u00f6 K. Lehtom\u00e4kiLehtom\u00e4entie 39163680 Hakoj\u00e4rviGsm: 050 569 0099S\u00e4hk\u00f6posti:\u00a0kimmo.lehtomaki@hirsipuu.fiKotisivu:\u00a0http:\/\/www.hirsipuu.fi\/Hirsirakentaminen, rakennusurakointi. Kahvila ja J\u00e4tski \u00c4ht\u00e4rintie &hellip; Read more &quot;Yritykset&quot;\" \/>\n<meta property=\"og:url\" content=\"https:\/\/www.hakojarvi.com\/index.php\/yritykset\/\" \/>\n<meta property=\"og:site_name\" content=\"Hakoj&auml;rvi\" \/>\n<meta property=\"article:modified_time\" content=\"2026-04-13T14:38:34+00:00\" \/>\n<meta name=\"twitter:card\" content=\"summary_large_image\" \/>\n<meta name=\"twitter:label1\" content=\"Arvioitu lukuaika\" \/>\n\t<meta name=\"twitter:data1\" content=\"2 minuuttia\" \/>\n<script type=\"application\/ld+json\" class=\"yoast-schema-graph\">{\"@context\":\"https:\/\/schema.org\",\"@graph\":[{\"@type\":\"WebPage\",\"@id\":\"https:\/\/www.hakojarvi.com\/index.php\/yritykset\/\",\"url\":\"https:\/\/www.hakojarvi.com\/index.php\/yritykset\/\",\"name\":\"Yritykset - Hakoj&auml;rvi\",\"isPartOf\":{\"@id\":\"https:\/\/www.hakojarvi.com\/#website\"},\"datePublished\":\"2021-12-12T08:25:57+00:00\",\"dateModified\":\"2026-04-13T14:38:34+00:00\",\"breadcrumb\":{\"@id\":\"https:\/\/www.hakojarvi.com\/index.php\/yritykset\/#breadcrumb\"},\"inLanguage\":\"fi\",\"potentialAction\":[{\"@type\":\"ReadAction\",\"target\":[\"https:\/\/www.hakojarvi.com\/index.php\/yritykset\/\"]}]},{\"@type\":\"BreadcrumbList\",\"@id\":\"https:\/\/www.hakojarvi.com\/index.php\/yritykset\/#breadcrumb\",\"itemListElement\":[{\"@type\":\"ListItem\",\"position\":1,\"name\":\"Etusivu\",\"item\":\"https:\/\/www.hakojarvi.com\/\"},{\"@type\":\"ListItem\",\"position\":2,\"name\":\"Yritykset\"}]},{\"@type\":\"WebSite\",\"@id\":\"https:\/\/www.hakojarvi.com\/#website\",\"url\":\"https:\/\/www.hakojarvi.com\/\",\"name\":\"Hakoj&auml;rvi\",\"description\":\"mulle mukava kyl&auml;\",\"potentialAction\":[{\"@type\":\"SearchAction\",\"target\":{\"@type\":\"EntryPoint\",\"urlTemplate\":\"https:\/\/www.hakojarvi.com\/?s={search_term_string}\"},\"query-input\":\"required name=search_term_string\"}],\"inLanguage\":\"fi\"}]}<\/script>\n<!-- \/ Yoast SEO plugin. -->","yoast_head_json":{"title":"Yritykset - Hakoj&auml;rvi","robots":{"index":"index","follow":"follow","max-snippet":"max-snippet:-1","max-image-preview":"max-image-preview:large","max-video-preview":"max-video-preview:-1"},"canonical":"https:\/\/www.hakojarvi.com\/index.php\/yritykset\/","og_locale":"fi_FI","og_type":"article","og_title":"Yritykset - Hakoj&auml;rvi","og_description":"Hakoj\u00e4rvell\u00e4 toimivat yritykset Automaalaus T:mi Jari MyllyahoJouttim\u00e4entie 9963680 Hakoj\u00e4rviGsm: 0400 930 271Fax: 06 5148 660Autojen huolto ja korjaus, kolarikorjaukset. Erkki Tiensuu KyHiipakantie 1863680 Hakoj\u00e4rviPuh: 050 056 1177 \/ 041 318 7835R\u00e4yst\u00e4skourut, rakennuspeltity\u00f6t, kattoturvallisuustuotteet, k\u00e4ytettyjen autojen myynti. Hautalahden KoneurakointiJere HautalahtiGsm: 050 434 3797Kaivinkonety\u00f6t Huvilaveist\u00e4m\u00f6 K. Lehtom\u00e4kiLehtom\u00e4entie 39163680 Hakoj\u00e4rviGsm: 050 569 0099S\u00e4hk\u00f6posti:\u00a0kimmo.lehtomaki@hirsipuu.fiKotisivu:\u00a0http:\/\/www.hirsipuu.fi\/Hirsirakentaminen, rakennusurakointi. Kahvila ja J\u00e4tski \u00c4ht\u00e4rintie &hellip; Read more \"Yritykset\"","og_url":"https:\/\/www.hakojarvi.com\/index.php\/yritykset\/","og_site_name":"Hakoj&auml;rvi","article_modified_time":"2026-04-13T14:38:34+00:00","twitter_card":"summary_large_image","twitter_misc":{"Arvioitu lukuaika":"2 minuuttia"},"schema":{"@context":"https:\/\/schema.org","@graph":[{"@type":"WebPage","@id":"https:\/\/www.hakojarvi.com\/index.php\/yritykset\/","url":"https:\/\/www.hakojarvi.com\/index.php\/yritykset\/","name":"Yritykset - Hakoj&auml;rvi","isPartOf":{"@id":"https:\/\/www.hakojarvi.com\/#website"},"datePublished":"2021-12-12T08:25:57+00:00","dateModified":"2026-04-13T14:38:34+00:00","breadcrumb":{"@id":"https:\/\/www.hakojarvi.com\/index.php\/yritykset\/#breadcrumb"},"inLanguage":"fi","potentialAction":[{"@type":"ReadAction","target":["https:\/\/www.hakojarvi.com\/index.php\/yritykset\/"]}]},{"@type":"BreadcrumbList","@id":"https:\/\/www.hakojarvi.com\/index.php\/yritykset\/#breadcrumb","itemListElement":[{"@type":"ListItem","position":1,"name":"Etusivu","item":"https:\/\/www.hakojarvi.com\/"},{"@type":"ListItem","position":2,"name":"Yritykset"}]},{"@type":"WebSite","@id":"https:\/\/www.hakojarvi.com\/#website","url":"https:\/\/www.hakojarvi.com\/","name":"Hakoj&auml;rvi","description":"mulle mukava kyl&auml;","potentialAction":[{"@type":"SearchAction","target":{"@type":"EntryPoint","urlTemplate":"https:\/\/www.hakojarvi.com\/?s={search_term_string}"},"query-input":"required name=search_term_string"}],"inLanguage":"fi"}]}},"_links":{"self":[{"href":"https:\/\/www.hakojarvi.com\/index.php\/wp-json\/wp\/v2\/pages\/18"}],"collection":[{"href":"https:\/\/www.hakojarvi.com\/index.php\/wp-json\/wp\/v2\/pages"}],"about":[{"href":"https:\/\/www.hakojarvi.com\/index.php\/wp-json\/wp\/v2\/types\/page"}],"author":[{"embeddable":true,"href":"https:\/\/www.hakojarvi.com\/index.php\/wp-json\/wp\/v2\/users\/1"}],"replies":[{"embeddable":true,"href":"https:\/\/www.hakojarvi.com\/index.php\/wp-json\/wp\/v2\/comments?post=18"}],"version-history":[{"count":14,"href":"https:\/\/www.hakojarvi.com\/index.php\/wp-json\/wp\/v2\/pages\/18\/revisions"}],"predecessor-version":[{"id":1146,"href":"https:\/\/www.hakojarvi.com\/index.php\/wp-json\/wp\/v2\/pages\/18\/revisions\/1146"}],"wp:attachment":[{"href":"https:\/\/www.hakojarvi.com\/index.php\/wp-json\/wp\/v2\/media?parent=18"}],"curies":[{"name":"wp","href":"https:\/\/api.w.org\/{rel}","templated":true}]}}