{"id":1118,"date":"2026-04-10T07:34:44","date_gmt":"2026-04-10T07:34:44","guid":{"rendered":"https:\/\/www.hakojarvi.com\/?page_id=1118"},"modified":"2026-04-10T07:42:31","modified_gmt":"2026-04-10T07:42:31","slug":"asunnot-ja-tontit","status":"publish","type":"page","link":"https:\/\/www.hakojarvi.com\/index.php\/asunnot-ja-tontit\/","title":{"rendered":"Asunnot ja tontit"},"content":{"rendered":"\n<p><a href=\"https:\/\/www.hakojarvi.com\/index.php\/myytavat-asunnot\/\" target=\"_blank\" rel=\"noreferrer noopener\">Myynniss\u00e4 olevat talot<\/a><\/p>\n\n\n\n<p><a href=\"https:\/\/www.hakojarvi.com\/index.php\/palvelut\/asunnot-tontit\/\" target=\"_blank\" rel=\"noreferrer noopener\">Myynniss\u00e4 olevat tontit<\/a><\/p>\n\n\n\n<p><a href=\"https:\/\/www.hakojarvi.com\/index.php\/palvelut\/asunnot-tontit\/vuokra-asunnot\/\" target=\"_blank\" rel=\"noreferrer noopener\">Vuokra-asunnot<\/a><\/p>\n\n\n\n<p>Ilmoita myynniss\u00e4 oleva talo, tontti tai vuokra-asunto: hakojarvikyla@gmail.com <\/p>\n","protected":false},"excerpt":{"rendered":"<p>Myynniss\u00e4 olevat talot Myynniss\u00e4 olevat tontit Vuokra-asunnot Ilmoita myynniss\u00e4 oleva talo, tontti tai vuokra-asunto: hakojarvikyla@gmail.com<\/p>\n","protected":false},"author":1,"featured_media":0,"parent":0,"menu_order":0,"comment_status":"closed","ping_status":"closed","template":"","meta":[],"yoast_head":"<!-- This site is optimized with the Yoast SEO plugin v20.3 - https:\/\/yoast.com\/wordpress\/plugins\/seo\/ -->\n<title>Asunnot ja tontit - Hakoj&auml;rvi<\/title>\n<meta name=\"robots\" content=\"index, follow, max-snippet:-1, max-image-preview:large, max-video-preview:-1\" \/>\n<link rel=\"canonical\" href=\"https:\/\/www.hakojarvi.com\/index.php\/asunnot-ja-tontit\/\" \/>\n<meta property=\"og:locale\" content=\"fi_FI\" \/>\n<meta property=\"og:type\" content=\"article\" \/>\n<meta property=\"og:title\" content=\"Asunnot ja tontit - Hakoj&auml;rvi\" \/>\n<meta property=\"og:description\" content=\"Myynniss\u00e4 olevat talot Myynniss\u00e4 olevat tontit Vuokra-asunnot Ilmoita myynniss\u00e4 oleva talo, tontti tai vuokra-asunto: hakojarvikyla@gmail.com\" \/>\n<meta property=\"og:url\" content=\"https:\/\/www.hakojarvi.com\/index.php\/asunnot-ja-tontit\/\" \/>\n<meta property=\"og:site_name\" content=\"Hakoj&auml;rvi\" \/>\n<meta property=\"article:modified_time\" content=\"2026-04-10T07:42:31+00:00\" \/>\n<meta name=\"twitter:card\" content=\"summary_large_image\" \/>\n<meta name=\"twitter:label1\" content=\"Arvioitu lukuaika\" \/>\n\t<meta name=\"twitter:data1\" content=\"1 minuutti\" \/>\n<script type=\"application\/ld+json\" class=\"yoast-schema-graph\">{\"@context\":\"https:\/\/schema.org\",\"@graph\":[{\"@type\":\"WebPage\",\"@id\":\"https:\/\/www.hakojarvi.com\/index.php\/asunnot-ja-tontit\/\",\"url\":\"https:\/\/www.hakojarvi.com\/index.php\/asunnot-ja-tontit\/\",\"name\":\"Asunnot ja tontit - Hakoj&auml;rvi\",\"isPartOf\":{\"@id\":\"https:\/\/www.hakojarvi.com\/#website\"},\"datePublished\":\"2026-04-10T07:34:44+00:00\",\"dateModified\":\"2026-04-10T07:42:31+00:00\",\"breadcrumb\":{\"@id\":\"https:\/\/www.hakojarvi.com\/index.php\/asunnot-ja-tontit\/#breadcrumb\"},\"inLanguage\":\"fi\",\"potentialAction\":[{\"@type\":\"ReadAction\",\"target\":[\"https:\/\/www.hakojarvi.com\/index.php\/asunnot-ja-tontit\/\"]}]},{\"@type\":\"BreadcrumbList\",\"@id\":\"https:\/\/www.hakojarvi.com\/index.php\/asunnot-ja-tontit\/#breadcrumb\",\"itemListElement\":[{\"@type\":\"ListItem\",\"position\":1,\"name\":\"Etusivu\",\"item\":\"https:\/\/www.hakojarvi.com\/\"},{\"@type\":\"ListItem\",\"position\":2,\"name\":\"Asunnot ja tontit\"}]},{\"@type\":\"WebSite\",\"@id\":\"https:\/\/www.hakojarvi.com\/#website\",\"url\":\"https:\/\/www.hakojarvi.com\/\",\"name\":\"Hakoj&auml;rvi\",\"description\":\"mulle mukava kyl&auml;\",\"potentialAction\":[{\"@type\":\"SearchAction\",\"target\":{\"@type\":\"EntryPoint\",\"urlTemplate\":\"https:\/\/www.hakojarvi.com\/?s={search_term_string}\"},\"query-input\":\"required name=search_term_string\"}],\"inLanguage\":\"fi\"}]}<\/script>\n<!-- \/ Yoast SEO plugin. -->","yoast_head_json":{"title":"Asunnot ja tontit - Hakoj&auml;rvi","robots":{"index":"index","follow":"follow","max-snippet":"max-snippet:-1","max-image-preview":"max-image-preview:large","max-video-preview":"max-video-preview:-1"},"canonical":"https:\/\/www.hakojarvi.com\/index.php\/asunnot-ja-tontit\/","og_locale":"fi_FI","og_type":"article","og_title":"Asunnot ja tontit - Hakoj&auml;rvi","og_description":"Myynniss\u00e4 olevat talot Myynniss\u00e4 olevat tontit Vuokra-asunnot Ilmoita myynniss\u00e4 oleva talo, tontti tai vuokra-asunto: hakojarvikyla@gmail.com","og_url":"https:\/\/www.hakojarvi.com\/index.php\/asunnot-ja-tontit\/","og_site_name":"Hakoj&auml;rvi","article_modified_time":"2026-04-10T07:42:31+00:00","twitter_card":"summary_large_image","twitter_misc":{"Arvioitu lukuaika":"1 minuutti"},"schema":{"@context":"https:\/\/schema.org","@graph":[{"@type":"WebPage","@id":"https:\/\/www.hakojarvi.com\/index.php\/asunnot-ja-tontit\/","url":"https:\/\/www.hakojarvi.com\/index.php\/asunnot-ja-tontit\/","name":"Asunnot ja tontit - Hakoj&auml;rvi","isPartOf":{"@id":"https:\/\/www.hakojarvi.com\/#website"},"datePublished":"2026-04-10T07:34:44+00:00","dateModified":"2026-04-10T07:42:31+00:00","breadcrumb":{"@id":"https:\/\/www.hakojarvi.com\/index.php\/asunnot-ja-tontit\/#breadcrumb"},"inLanguage":"fi","potentialAction":[{"@type":"ReadAction","target":["https:\/\/www.hakojarvi.com\/index.php\/asunnot-ja-tontit\/"]}]},{"@type":"BreadcrumbList","@id":"https:\/\/www.hakojarvi.com\/index.php\/asunnot-ja-tontit\/#breadcrumb","itemListElement":[{"@type":"ListItem","position":1,"name":"Etusivu","item":"https:\/\/www.hakojarvi.com\/"},{"@type":"ListItem","position":2,"name":"Asunnot ja tontit"}]},{"@type":"WebSite","@id":"https:\/\/www.hakojarvi.com\/#website","url":"https:\/\/www.hakojarvi.com\/","name":"Hakoj&auml;rvi","description":"mulle mukava kyl&auml;","potentialAction":[{"@type":"SearchAction","target":{"@type":"EntryPoint","urlTemplate":"https:\/\/www.hakojarvi.com\/?s={search_term_string}"},"query-input":"required name=search_term_string"}],"inLanguage":"fi"}]}},"_links":{"self":[{"href":"https:\/\/www.hakojarvi.com\/index.php\/wp-json\/wp\/v2\/pages\/1118"}],"collection":[{"href":"https:\/\/www.hakojarvi.com\/index.php\/wp-json\/wp\/v2\/pages"}],"about":[{"href":"https:\/\/www.hakojarvi.com\/index.php\/wp-json\/wp\/v2\/types\/page"}],"author":[{"embeddable":true,"href":"https:\/\/www.hakojarvi.com\/index.php\/wp-json\/wp\/v2\/users\/1"}],"replies":[{"embeddable":true,"href":"https:\/\/www.hakojarvi.com\/index.php\/wp-json\/wp\/v2\/comments?post=1118"}],"version-history":[{"count":5,"href":"https:\/\/www.hakojarvi.com\/index.php\/wp-json\/wp\/v2\/pages\/1118\/revisions"}],"predecessor-version":[{"id":1126,"href":"https:\/\/www.hakojarvi.com\/index.php\/wp-json\/wp\/v2\/pages\/1118\/revisions\/1126"}],"wp:attachment":[{"href":"https:\/\/www.hakojarvi.com\/index.php\/wp-json\/wp\/v2\/media?parent=1118"}],"curies":[{"name":"wp","href":"https:\/\/api.w.org\/{rel}","templated":true}]}}